{"id":99,"date":"2022-06-24T11:07:27","date_gmt":"2022-06-24T09:07:27","guid":{"rendered":"http:\/\/www.sohocapital.fr\/?page_id=99"},"modified":"2026-02-09T09:45:20","modified_gmt":"2026-02-09T08:45:20","slug":"imaginasoft","status":"publish","type":"page","link":"https:\/\/www.sohocapital.fr\/en\/imaginasoft\/","title":{"rendered":"IMAGINASOFT"},"content":{"rendered":"<div data-elementor-type=\"wp-page\" data-elementor-id=\"99\" class=\"elementor elementor-99\">\n\t\t\t\t\t\t<section class=\"elementor-section elementor-top-section elementor-element elementor-element-b9c0684 elementor-section-full_width fiche_pays elementor-section-height-default elementor-section-height-default\" data-id=\"b9c0684\" data-element_type=\"section\" data-e-type=\"section\" data-settings=\"{&quot;background_background&quot;:&quot;gradient&quot;}\">\n\t\t\t\t\t\t\t<div class=\"elementor-background-overlay\"><\/div>\n\t\t\t\t\t\t\t<div class=\"elementor-container elementor-column-gap-default\">\n\t\t\t\t\t<div class=\"elementor-column elementor-col-100 elementor-top-column elementor-element elementor-element-a1e40da\" data-id=\"a1e40da\" data-element_type=\"column\" data-e-type=\"column\">\n\t\t\t<div class=\"elementor-widget-wrap elementor-element-populated\">\n\t\t\t\t\t\t<div class=\"elementor-element elementor-element-bc042eb elementor-widget elementor-widget-spacer\" data-id=\"bc042eb\" data-element_type=\"widget\" data-e-type=\"widget\" data-widget_type=\"spacer.default\">\n\t\t\t\t<div class=\"elementor-widget-container\">\n\t\t\t\t\t\t\t<div class=\"elementor-spacer\">\n\t\t\t<div class=\"elementor-spacer-inner\"><\/div>\n\t\t<\/div>\n\t\t\t\t\t\t<\/div>\n\t\t\t\t<\/div>\n\t\t\t\t<div class=\"elementor-element elementor-element-7ecc99c informations_geographiques elementor-widget__width-auto elementor-widget elementor-widget-text-editor\" data-id=\"7ecc99c\" data-element_type=\"widget\" data-e-type=\"widget\" data-widget_type=\"text-editor.default\">\n\t\t\t\t<div class=\"elementor-widget-container\">\n\t\t\t\t\t\t\t\t\t<p data-wp-editing=\"1\"><span style=\"color: var( --e-global-color-text ); letter-spacing: 0px; word-spacing: 0em;\"><span style=\"color: var( --e-global-color-text ); letter-spacing: 0px; word-spacing: 0em;\"><img decoding=\"async\" class=\"aligncenter wp-image-1026 size-full\" src=\"https:\/\/www.sohocapital.fr\/wp-content\/uploads\/2023\/05\/1-1.png\" alt=\"Portuguese flag IMAGINASOFT SOHO CAPITAL\" width=\"50\" height=\"50\" \/><\/span><\/span><strong style=\"color: var( --e-global-color-text ); font-family: var( --e-global-typography-text-font-family ), Sans-serif; font-size: var( --e-global-typography-text-font-size ); font-style: var( --e-global-typography-text-font-style ); letter-spacing: var( --e-global-typography-text-letter-spacing ); text-transform: var( --e-global-typography-text-text-transform );\"><span style=\"color: var( --e-global-color-text ); letter-spacing: 0px; word-spacing: 0em;\"><span style=\"color: var( --e-global-color-text ); letter-spacing: 0px;\">Population: 10.3 million inhabitants<br \/><\/span><span style=\"color: var( --e-global-color-text ); letter-spacing: 0px;\">Gross Domestic Product (GDP): 0.2 trillion euros<\/span><br \/>12,000 dentists<br \/>4,500 dental clinics<br \/><\/span><\/strong><\/p>\t\t\t\t\t\t\t\t<\/div>\n\t\t\t\t<\/div>\n\t\t\t\t<div class=\"elementor-element elementor-element-1c7a39f elementor-widget elementor-widget-spacer\" data-id=\"1c7a39f\" data-element_type=\"widget\" data-e-type=\"widget\" data-widget_type=\"spacer.default\">\n\t\t\t\t<div class=\"elementor-widget-container\">\n\t\t\t\t\t\t\t<div class=\"elementor-spacer\">\n\t\t\t<div class=\"elementor-spacer-inner\"><\/div>\n\t\t<\/div>\n\t\t\t\t\t\t<\/div>\n\t\t\t\t<\/div>\n\t\t\t\t<div class=\"elementor-element elementor-element-f53851f logo-societe elementor-widget elementor-widget-image\" data-id=\"f53851f\" data-element_type=\"widget\" data-e-type=\"widget\" data-widget_type=\"image.default\">\n\t\t\t\t<div class=\"elementor-widget-container\">\n\t\t\t\t\t\t\t\t\t\t\t\t\t\t\t<img fetchpriority=\"high\" decoding=\"async\" width=\"584\" height=\"128\" src=\"https:\/\/www.sohocapital.fr\/wp-content\/uploads\/2023\/07\/24493522_6922140-01-01.svg\" class=\"attachment-large size-large wp-image-1535\" alt=\"IMAGINASOFT logo\" \/>\t\t\t\t\t\t\t\t\t\t\t\t\t\t\t<\/div>\n\t\t\t\t<\/div>\n\t\t\t\t<div class=\"elementor-element elementor-element-e4513c3 elementor-widget elementor-widget-spacer\" data-id=\"e4513c3\" data-element_type=\"widget\" data-e-type=\"widget\" data-widget_type=\"spacer.default\">\n\t\t\t\t<div class=\"elementor-widget-container\">\n\t\t\t\t\t\t\t<div class=\"elementor-spacer\">\n\t\t\t<div class=\"elementor-spacer-inner\"><\/div>\n\t\t<\/div>\n\t\t\t\t\t\t<\/div>\n\t\t\t\t<\/div>\n\t\t\t\t<section class=\"elementor-section elementor-inner-section elementor-element elementor-element-1dafedf elementor-section-boxed elementor-section-height-default elementor-section-height-default\" data-id=\"1dafedf\" data-element_type=\"section\" data-e-type=\"section\">\n\t\t\t\t\t\t<div class=\"elementor-container elementor-column-gap-default\">\n\t\t\t\t\t<div class=\"elementor-column elementor-col-50 elementor-inner-column elementor-element elementor-element-6ca469b\" data-id=\"6ca469b\" data-element_type=\"column\" data-e-type=\"column\">\n\t\t\t<div class=\"elementor-widget-wrap elementor-element-populated\">\n\t\t\t\t\t\t<div class=\"elementor-element elementor-element-0939f2a round elementor-invisible elementor-widget elementor-widget-image\" data-id=\"0939f2a\" data-element_type=\"widget\" data-e-type=\"widget\" data-settings=\"{&quot;_animation&quot;:&quot;fadeInUp&quot;}\" data-widget_type=\"image.default\">\n\t\t\t\t<div class=\"elementor-widget-container\">\n\t\t\t\t\t\t\t\t\t\t\t\t\t\t\t<img decoding=\"async\" width=\"768\" height=\"462\" src=\"https:\/\/www.sohocapital.fr\/wp-content\/uploads\/2024\/01\/NewSoft-DS-solutions.png\" class=\"attachment-medium_large size-medium_large wp-image-1722\" alt=\"NewSoft DS Solutions\" srcset=\"https:\/\/www.sohocapital.fr\/wp-content\/uploads\/2024\/01\/NewSoft-DS-solutions.png 768w, https:\/\/www.sohocapital.fr\/wp-content\/uploads\/2024\/01\/NewSoft-DS-solutions-300x180.png 300w, https:\/\/www.sohocapital.fr\/wp-content\/uploads\/2024\/01\/NewSoft-DS-solutions-18x12.png 18w\" sizes=\"(max-width: 768px) 100vw, 768px\" \/>\t\t\t\t\t\t\t\t\t\t\t\t\t\t\t<\/div>\n\t\t\t\t<\/div>\n\t\t\t\t\t<\/div>\n\t\t<\/div>\n\t\t\t\t<div class=\"elementor-column elementor-col-50 elementor-inner-column elementor-element elementor-element-e4ca9b2\" data-id=\"e4ca9b2\" data-element_type=\"column\" data-e-type=\"column\">\n\t\t\t<div class=\"elementor-widget-wrap elementor-element-populated\">\n\t\t\t\t\t\t<div class=\"elementor-element elementor-element-957463b resume-texte elementor-invisible elementor-widget elementor-widget-text-editor\" data-id=\"957463b\" data-element_type=\"widget\" data-e-type=\"widget\" data-settings=\"{&quot;_animation&quot;:&quot;fadeInUp&quot;}\" data-widget_type=\"text-editor.default\">\n\t\t\t\t<div class=\"elementor-widget-container\">\n\t\t\t\t\t\t\t\t\t<p>Imaginasoft is a well-known name in the field of management software for dental practices in Portugal. The company has been developing software and other specialized solutions, as well as providing Digital Radiology and Imaging equipment for dental clinics and groups for more than 26 years.<\/p><p>Imaginasoft\u2019s main solution is the software NewSoft DS, responsible for a full practice management workflow. NewSoft DS has several functionalities and modules, including Appointment Scheduling, Patient Records, Medical Notes, 3D Dental Chart and Treatment Plans, Budget plans and Billing, Statistics and Reports, Electronic Prescriptions, and more.<\/p><p>Besides the key features of the software, the daily use of NewSoft DS can be further improved thanks to the 5 key Add-Ons: Doctor\u2019s App (with the doctor\u2019s agenda and patient information), Dashboard with Key Performance Indicators, Digital Docs (for digitally filling and signing Anamneses and Informed Consents), Automated SMS Reminders, and Electronic Invoices.<\/p><p>The Online Patient Portal for booking appointments, as well as the Automated Check-In service, are two new services that now integrate with the software and allow for a more efficient and engaging patient experience.\n\nImaginasoft also provides clinics with Radiology and Digital Imaging equipment. These include CBCTs, X-ray machines, intraoral scanners, cameras, and sensors.<\/p><p>Nowadays, Imaginasoft is featured in more than 1600 clinics across the country and is used by the main Dental Medicine Schools and Universities in Portugal, making it the market leader in management software for dental practices.<\/p><ul><li><strong>Imaginasoft<\/strong> recognized as an innovative company by <strong>COTEC<\/strong>.<\/li><li><strong>Imaginasoft<\/strong> ranked as a leading company by <strong>l\u2019IAPMEI<\/strong><\/li><\/ul><p>\u00a0<\/p><p><img loading=\"lazy\" decoding=\"async\" class=\"size-medium wp-image-1760 alignleft\" src=\"https:\/\/www.sohocapital.fr\/wp-content\/uploads\/2025\/05\/imaginasoft-300x280.jpg\" alt=\"\" width=\"300\" height=\"280\" srcset=\"https:\/\/www.sohocapital.fr\/wp-content\/uploads\/2025\/05\/imaginasoft-300x280.jpg 300w, https:\/\/www.sohocapital.fr\/wp-content\/uploads\/2025\/05\/imaginasoft-13x12.jpg 13w, https:\/\/www.sohocapital.fr\/wp-content\/uploads\/2025\/05\/imaginasoft.jpg 613w\" sizes=\"(max-width: 300px) 100vw, 300px\" \/><\/p><p><span data-olk-copy-source=\"MessageBody\">\u00a0<\/span><\/p><p style=\"text-align: left;\"><span data-olk-copy-source=\"MessageBody\">Imaginasoft joins the ranks of the top 10 software publishing companies in Portugal.<\/span><\/p>\t\t\t\t\t\t\t\t<\/div>\n\t\t\t\t<\/div>\n\t\t\t\t\t<\/div>\n\t\t<\/div>\n\t\t\t\t\t<\/div>\n\t\t<\/section>\n\t\t\t\t<section class=\"elementor-section elementor-inner-section elementor-element elementor-element-d40dcd4 elementor-section-boxed elementor-section-height-default elementor-section-height-default\" data-id=\"d40dcd4\" data-element_type=\"section\" data-e-type=\"section\">\n\t\t\t\t\t\t<div class=\"elementor-container elementor-column-gap-default\">\n\t\t\t\t\t<div class=\"elementor-column elementor-col-50 elementor-inner-column elementor-element elementor-element-39df4db\" data-id=\"39df4db\" data-element_type=\"column\" data-e-type=\"column\">\n\t\t\t<div class=\"elementor-widget-wrap elementor-element-populated\">\n\t\t\t\t\t\t<div class=\"elementor-element elementor-element-862c75d elementor-invisible elementor-widget elementor-widget-image\" data-id=\"862c75d\" data-element_type=\"widget\" data-e-type=\"widget\" data-settings=\"{&quot;_animation&quot;:&quot;fadeInUp&quot;}\" data-widget_type=\"image.default\">\n\t\t\t\t<div class=\"elementor-widget-container\">\n\t\t\t\t\t\t\t\t\t\t\t\t\t\t\t<img loading=\"lazy\" decoding=\"async\" width=\"331\" height=\"326\" src=\"https:\/\/www.sohocapital.fr\/wp-content\/uploads\/2025\/07\/IMAGINAOSFT-Cotec.png\" class=\"attachment-large size-large wp-image-1822\" alt=\"\" srcset=\"https:\/\/www.sohocapital.fr\/wp-content\/uploads\/2025\/07\/IMAGINAOSFT-Cotec.png 331w, https:\/\/www.sohocapital.fr\/wp-content\/uploads\/2025\/07\/IMAGINAOSFT-Cotec-300x295.png 300w, https:\/\/www.sohocapital.fr\/wp-content\/uploads\/2025\/07\/IMAGINAOSFT-Cotec-12x12.png 12w\" sizes=\"(max-width: 331px) 100vw, 331px\" \/>\t\t\t\t\t\t\t\t\t\t\t\t\t\t\t<\/div>\n\t\t\t\t<\/div>\n\t\t\t\t\t<\/div>\n\t\t<\/div>\n\t\t\t\t<div class=\"elementor-column elementor-col-50 elementor-inner-column elementor-element elementor-element-438bda7\" data-id=\"438bda7\" data-element_type=\"column\" data-e-type=\"column\">\n\t\t\t<div class=\"elementor-widget-wrap elementor-element-populated\">\n\t\t\t\t\t\t<div class=\"elementor-element elementor-element-df7c6be elementor-invisible elementor-widget elementor-widget-image\" data-id=\"df7c6be\" data-element_type=\"widget\" data-e-type=\"widget\" data-settings=\"{&quot;_animation&quot;:&quot;fadeInUp&quot;}\" data-widget_type=\"image.default\">\n\t\t\t\t<div class=\"elementor-widget-container\">\n\t\t\t\t\t\t\t\t\t\t\t\t\t\t\t<img loading=\"lazy\" decoding=\"async\" width=\"451\" height=\"334\" src=\"https:\/\/www.sohocapital.fr\/wp-content\/uploads\/2025\/07\/IMAGINASOFT-PME-24.png\" class=\"attachment-large size-large wp-image-1821\" alt=\"\" srcset=\"https:\/\/www.sohocapital.fr\/wp-content\/uploads\/2025\/07\/IMAGINASOFT-PME-24.png 451w, https:\/\/www.sohocapital.fr\/wp-content\/uploads\/2025\/07\/IMAGINASOFT-PME-24-300x222.png 300w, https:\/\/www.sohocapital.fr\/wp-content\/uploads\/2025\/07\/IMAGINASOFT-PME-24-16x12.png 16w\" sizes=\"(max-width: 451px) 100vw, 451px\" \/>\t\t\t\t\t\t\t\t\t\t\t\t\t\t\t<\/div>\n\t\t\t\t<\/div>\n\t\t\t\t\t<\/div>\n\t\t<\/div>\n\t\t\t\t\t<\/div>\n\t\t<\/section>\n\t\t\t\t<div class=\"elementor-element elementor-element-3ec36ae elementor-widget elementor-widget-spacer\" data-id=\"3ec36ae\" data-element_type=\"widget\" data-e-type=\"widget\" data-widget_type=\"spacer.default\">\n\t\t\t\t<div class=\"elementor-widget-container\">\n\t\t\t\t\t\t\t<div class=\"elementor-spacer\">\n\t\t\t<div class=\"elementor-spacer-inner\"><\/div>\n\t\t<\/div>\n\t\t\t\t\t\t<\/div>\n\t\t\t\t<\/div>\n\t\t\t\t<div class=\"elementor-element elementor-element-f8b63f1 elementor-align-center elementor-widget elementor-widget-button\" data-id=\"f8b63f1\" data-element_type=\"widget\" data-e-type=\"widget\" data-widget_type=\"button.default\">\n\t\t\t\t<div class=\"elementor-widget-container\">\n\t\t\t\t\t\t\t\t\t<div class=\"elementor-button-wrapper\">\n\t\t\t\t\t<a class=\"elementor-button elementor-button-link elementor-size-sm\" href=\"https:\/\/imaginasoft.pt\/\">\n\t\t\t\t\t\t<span class=\"elementor-button-content-wrapper\">\n\t\t\t\t\t\t\t\t\t<span class=\"elementor-button-text\">Learn more<\/span>\n\t\t\t\t\t<\/span>\n\t\t\t\t\t<\/a>\n\t\t\t\t<\/div>\n\t\t\t\t\t\t\t\t<\/div>\n\t\t\t\t<\/div>\n\t\t\t\t<div class=\"elementor-element elementor-element-7181fc4 elementor-widget elementor-widget-spacer\" data-id=\"7181fc4\" data-element_type=\"widget\" data-e-type=\"widget\" data-widget_type=\"spacer.default\">\n\t\t\t\t<div class=\"elementor-widget-container\">\n\t\t\t\t\t\t\t<div class=\"elementor-spacer\">\n\t\t\t<div class=\"elementor-spacer-inner\"><\/div>\n\t\t<\/div>\n\t\t\t\t\t\t<\/div>\n\t\t\t\t<\/div>\n\t\t\t\t<div class=\"elementor-element elementor-element-eb99679 elementor-invisible elementor-widget elementor-widget-image\" data-id=\"eb99679\" data-element_type=\"widget\" data-e-type=\"widget\" data-settings=\"{&quot;_animation&quot;:&quot;fadeInUp&quot;}\" data-widget_type=\"image.default\">\n\t\t\t\t<div class=\"elementor-widget-container\">\n\t\t\t\t\t\t\t\t\t\t\t\t\t\t\t<img decoding=\"async\" src=\"https:\/\/www.sohocapital.fr\/wp-content\/uploads\/elementor\/thumbs\/shutterstock_1975416710-q9xdefzslbrxpchphoddxvgdqx0ga5g3jgkgy6r8ug.jpg\" title=\"IMAGINASOFT from SOHO CAPITAL\" alt=\"Dentist IMAGINASOFT radiology equipment patient\" loading=\"lazy\" \/>\t\t\t\t\t\t\t\t\t\t\t\t\t\t\t<\/div>\n\t\t\t\t<\/div>\n\t\t\t\t\t<\/div>\n\t\t<\/div>\n\t\t\t\t\t<\/div>\n\t\t<\/section>\n\t\t\t\t<\/div>","protected":false},"excerpt":{"rendered":"<p>Population : 10 300 millions d&rsquo;habitantsProduit Int\u00e9rieur Brut (PIB) : 239 253 milliards d&rsquo;euros12 000 chirurgiens-dentistes4 500 cabinets dentaires ImaginaSoft Healthcare Solutions est leader des technologies de l&rsquo;information sur le secteur de la m\u00e9decine dentaire au Portugal. La soci\u00e9t\u00e9 d\u00e9veloppe des logiciels et d&rsquo;autres solutions sp\u00e9cialis\u00e9es pour le march\u00e9 de la sant\u00e9 depuis 1997, fournissant [&hellip;]<\/p>\n","protected":false},"author":3,"featured_media":1535,"parent":0,"menu_order":0,"comment_status":"closed","ping_status":"closed","template":"elementor_header_footer","meta":{"footnotes":""},"class_list":["post-99","page","type-page","status-publish","has-post-thumbnail","hentry"],"yoast_head":"<!-- This site is optimized with the Yoast SEO plugin v27.4 - https:\/\/yoast.com\/product\/yoast-seo-wordpress\/ -->\n<title>IMAGINASOFT - SOHO CAPITAL<\/title>\n<meta name=\"description\" content=\"ImaginaSoft Healthcare Solutions est leader des technologies de l\u2019information sur le secteur de la m\u00e9decine dentaire au Portugal.\" \/>\n<meta name=\"robots\" content=\"index, follow, max-snippet:-1, max-image-preview:large, max-video-preview:-1\" \/>\n<link rel=\"canonical\" href=\"https:\/\/www.sohocapital.fr\/en\/imaginasoft\/\" \/>\n<meta property=\"og:locale\" content=\"en_GB\" \/>\n<meta property=\"og:type\" content=\"article\" \/>\n<meta property=\"og:title\" content=\"IMAGINASOFT - SOHO CAPITAL\" \/>\n<meta property=\"og:description\" content=\"ImaginaSoft Healthcare Solutions est leader des technologies de l\u2019information sur le secteur de la m\u00e9decine dentaire au Portugal.\" \/>\n<meta property=\"og:url\" content=\"https:\/\/www.sohocapital.fr\/en\/imaginasoft\/\" \/>\n<meta property=\"og:site_name\" content=\"SOHO CAPITAL\" \/>\n<meta property=\"article:modified_time\" content=\"2026-02-09T08:45:20+00:00\" \/>\n<meta name=\"twitter:card\" content=\"summary_large_image\" \/>\n<meta name=\"twitter:label1\" content=\"Estimated reading time\" \/>\n\t<meta name=\"twitter:data1\" content=\"3 minutes\" \/>\n<script type=\"application\/ld+json\" class=\"yoast-schema-graph\">{\"@context\":\"https:\\\/\\\/schema.org\",\"@graph\":[{\"@type\":\"WebPage\",\"@id\":\"https:\\\/\\\/www.sohocapital.fr\\\/imaginasoft\\\/\",\"url\":\"https:\\\/\\\/www.sohocapital.fr\\\/imaginasoft\\\/\",\"name\":\"IMAGINASOFT - SOHO CAPITAL\",\"isPartOf\":{\"@id\":\"https:\\\/\\\/www.sohocapital.fr\\\/#website\"},\"primaryImageOfPage\":{\"@id\":\"https:\\\/\\\/www.sohocapital.fr\\\/imaginasoft\\\/#primaryimage\"},\"image\":{\"@id\":\"https:\\\/\\\/www.sohocapital.fr\\\/imaginasoft\\\/#primaryimage\"},\"thumbnailUrl\":\"https:\\\/\\\/www.sohocapital.fr\\\/wp-content\\\/uploads\\\/2023\\\/07\\\/24493522_6922140-01-01.svg\",\"datePublished\":\"2022-06-24T09:07:27+00:00\",\"dateModified\":\"2026-02-09T08:45:20+00:00\",\"description\":\"ImaginaSoft Healthcare Solutions est leader des technologies de l\u2019information sur le secteur de la m\u00e9decine dentaire au Portugal.\",\"breadcrumb\":{\"@id\":\"https:\\\/\\\/www.sohocapital.fr\\\/imaginasoft\\\/#breadcrumb\"},\"inLanguage\":\"en-GB\",\"potentialAction\":[{\"@type\":\"ReadAction\",\"target\":[\"https:\\\/\\\/www.sohocapital.fr\\\/imaginasoft\\\/\"]}]},{\"@type\":\"ImageObject\",\"inLanguage\":\"en-GB\",\"@id\":\"https:\\\/\\\/www.sohocapital.fr\\\/imaginasoft\\\/#primaryimage\",\"url\":\"https:\\\/\\\/www.sohocapital.fr\\\/wp-content\\\/uploads\\\/2023\\\/07\\\/24493522_6922140-01-01.svg\",\"contentUrl\":\"https:\\\/\\\/www.sohocapital.fr\\\/wp-content\\\/uploads\\\/2023\\\/07\\\/24493522_6922140-01-01.svg\",\"width\":584,\"height\":128,\"caption\":\"IMAGINASOFT logo\"},{\"@type\":\"BreadcrumbList\",\"@id\":\"https:\\\/\\\/www.sohocapital.fr\\\/imaginasoft\\\/#breadcrumb\",\"itemListElement\":[{\"@type\":\"ListItem\",\"position\":1,\"name\":\"Accueil\",\"item\":\"https:\\\/\\\/www.sohocapital.fr\\\/\"},{\"@type\":\"ListItem\",\"position\":2,\"name\":\"IMAGINASOFT\"}]},{\"@type\":\"WebSite\",\"@id\":\"https:\\\/\\\/www.sohocapital.fr\\\/#website\",\"url\":\"https:\\\/\\\/www.sohocapital.fr\\\/\",\"name\":\"SOHO CAPITAL\",\"description\":\"Groupe investissement entreprises dentaires num\u00e9riques logiciels software\",\"publisher\":{\"@id\":\"https:\\\/\\\/www.sohocapital.fr\\\/#organization\"},\"potentialAction\":[{\"@type\":\"SearchAction\",\"target\":{\"@type\":\"EntryPoint\",\"urlTemplate\":\"https:\\\/\\\/www.sohocapital.fr\\\/?s={search_term_string}\"},\"query-input\":{\"@type\":\"PropertyValueSpecification\",\"valueRequired\":true,\"valueName\":\"search_term_string\"}}],\"inLanguage\":\"en-GB\"},{\"@type\":\"Organization\",\"@id\":\"https:\\\/\\\/www.sohocapital.fr\\\/#organization\",\"name\":\"SOHO CAPITAL\",\"url\":\"https:\\\/\\\/www.sohocapital.fr\\\/\",\"logo\":{\"@type\":\"ImageObject\",\"inLanguage\":\"en-GB\",\"@id\":\"https:\\\/\\\/www.sohocapital.fr\\\/#\\\/schema\\\/logo\\\/image\\\/\",\"url\":\"https:\\\/\\\/www.sohocapital.fr\\\/wp-content\\\/uploads\\\/2022\\\/06\\\/logoSC.svg\",\"contentUrl\":\"https:\\\/\\\/www.sohocapital.fr\\\/wp-content\\\/uploads\\\/2022\\\/06\\\/logoSC.svg\",\"width\":717,\"height\":197,\"caption\":\"SOHO CAPITAL\"},\"image\":{\"@id\":\"https:\\\/\\\/www.sohocapital.fr\\\/#\\\/schema\\\/logo\\\/image\\\/\"}}]}<\/script>\n<!-- \/ Yoast SEO plugin. -->","yoast_head_json":{"title":"IMAGINASOFT - SOHO CAPITAL","description":"ImaginaSoft Healthcare Solutions est leader des technologies de l\u2019information sur le secteur de la m\u00e9decine dentaire au Portugal.","robots":{"index":"index","follow":"follow","max-snippet":"max-snippet:-1","max-image-preview":"max-image-preview:large","max-video-preview":"max-video-preview:-1"},"canonical":"https:\/\/www.sohocapital.fr\/en\/imaginasoft\/","og_locale":"en_GB","og_type":"article","og_title":"IMAGINASOFT - SOHO CAPITAL","og_description":"ImaginaSoft Healthcare Solutions est leader des technologies de l\u2019information sur le secteur de la m\u00e9decine dentaire au Portugal.","og_url":"https:\/\/www.sohocapital.fr\/en\/imaginasoft\/","og_site_name":"SOHO CAPITAL","article_modified_time":"2026-02-09T08:45:20+00:00","twitter_card":"summary_large_image","twitter_misc":{"Estimated reading time":"3 minutes"},"schema":{"@context":"https:\/\/schema.org","@graph":[{"@type":"WebPage","@id":"https:\/\/www.sohocapital.fr\/imaginasoft\/","url":"https:\/\/www.sohocapital.fr\/imaginasoft\/","name":"IMAGINASOFT - SOHO CAPITAL","isPartOf":{"@id":"https:\/\/www.sohocapital.fr\/#website"},"primaryImageOfPage":{"@id":"https:\/\/www.sohocapital.fr\/imaginasoft\/#primaryimage"},"image":{"@id":"https:\/\/www.sohocapital.fr\/imaginasoft\/#primaryimage"},"thumbnailUrl":"https:\/\/www.sohocapital.fr\/wp-content\/uploads\/2023\/07\/24493522_6922140-01-01.svg","datePublished":"2022-06-24T09:07:27+00:00","dateModified":"2026-02-09T08:45:20+00:00","description":"ImaginaSoft Healthcare Solutions est leader des technologies de l\u2019information sur le secteur de la m\u00e9decine dentaire au Portugal.","breadcrumb":{"@id":"https:\/\/www.sohocapital.fr\/imaginasoft\/#breadcrumb"},"inLanguage":"en-GB","potentialAction":[{"@type":"ReadAction","target":["https:\/\/www.sohocapital.fr\/imaginasoft\/"]}]},{"@type":"ImageObject","inLanguage":"en-GB","@id":"https:\/\/www.sohocapital.fr\/imaginasoft\/#primaryimage","url":"https:\/\/www.sohocapital.fr\/wp-content\/uploads\/2023\/07\/24493522_6922140-01-01.svg","contentUrl":"https:\/\/www.sohocapital.fr\/wp-content\/uploads\/2023\/07\/24493522_6922140-01-01.svg","width":584,"height":128,"caption":"IMAGINASOFT logo"},{"@type":"BreadcrumbList","@id":"https:\/\/www.sohocapital.fr\/imaginasoft\/#breadcrumb","itemListElement":[{"@type":"ListItem","position":1,"name":"Accueil","item":"https:\/\/www.sohocapital.fr\/"},{"@type":"ListItem","position":2,"name":"IMAGINASOFT"}]},{"@type":"WebSite","@id":"https:\/\/www.sohocapital.fr\/#website","url":"https:\/\/www.sohocapital.fr\/","name":"SOHO CAPITAL","description":"Groupe investissement entreprises dentaires num\u00e9riques logiciels software","publisher":{"@id":"https:\/\/www.sohocapital.fr\/#organization"},"potentialAction":[{"@type":"SearchAction","target":{"@type":"EntryPoint","urlTemplate":"https:\/\/www.sohocapital.fr\/?s={search_term_string}"},"query-input":{"@type":"PropertyValueSpecification","valueRequired":true,"valueName":"search_term_string"}}],"inLanguage":"en-GB"},{"@type":"Organization","@id":"https:\/\/www.sohocapital.fr\/#organization","name":"SOHO CAPITAL","url":"https:\/\/www.sohocapital.fr\/","logo":{"@type":"ImageObject","inLanguage":"en-GB","@id":"https:\/\/www.sohocapital.fr\/#\/schema\/logo\/image\/","url":"https:\/\/www.sohocapital.fr\/wp-content\/uploads\/2022\/06\/logoSC.svg","contentUrl":"https:\/\/www.sohocapital.fr\/wp-content\/uploads\/2022\/06\/logoSC.svg","width":717,"height":197,"caption":"SOHO CAPITAL"},"image":{"@id":"https:\/\/www.sohocapital.fr\/#\/schema\/logo\/image\/"}}]}},"_links":{"self":[{"href":"https:\/\/www.sohocapital.fr\/en\/wp-json\/wp\/v2\/pages\/99","targetHints":{"allow":["GET"]}}],"collection":[{"href":"https:\/\/www.sohocapital.fr\/en\/wp-json\/wp\/v2\/pages"}],"about":[{"href":"https:\/\/www.sohocapital.fr\/en\/wp-json\/wp\/v2\/types\/page"}],"author":[{"embeddable":true,"href":"https:\/\/www.sohocapital.fr\/en\/wp-json\/wp\/v2\/users\/3"}],"replies":[{"embeddable":true,"href":"https:\/\/www.sohocapital.fr\/en\/wp-json\/wp\/v2\/comments?post=99"}],"version-history":[{"count":194,"href":"https:\/\/www.sohocapital.fr\/en\/wp-json\/wp\/v2\/pages\/99\/revisions"}],"predecessor-version":[{"id":1861,"href":"https:\/\/www.sohocapital.fr\/en\/wp-json\/wp\/v2\/pages\/99\/revisions\/1861"}],"wp:featuredmedia":[{"embeddable":true,"href":"https:\/\/www.sohocapital.fr\/en\/wp-json\/wp\/v2\/media\/1535"}],"wp:attachment":[{"href":"https:\/\/www.sohocapital.fr\/en\/wp-json\/wp\/v2\/media?parent=99"}],"curies":[{"name":"wp","href":"https:\/\/api.w.org\/{rel}","templated":true}]}}