{"id":375,"date":"2022-09-09T16:37:40","date_gmt":"2022-09-09T14:37:40","guid":{"rendered":"http:\/\/www.sohocapital.fr\/?page_id=375"},"modified":"2023-12-01T11:28:11","modified_gmt":"2023-12-01T10:28:11","slug":"le-groupe","status":"publish","type":"page","link":"https:\/\/www.sohocapital.fr\/en\/le-groupe\/","title":{"rendered":"Le Groupe"},"content":{"rendered":"<div data-elementor-type=\"wp-page\" data-elementor-id=\"375\" class=\"elementor elementor-375\">\n\t\t\t\t\t\t<section class=\"elementor-section elementor-top-section elementor-element elementor-element-5f68edd8 elementor-section-full_width elementor-section-content-middle elementor-section-height-min-height elementor-section-items-stretch elementor-section-height-default elementor-invisible\" data-id=\"5f68edd8\" data-element_type=\"section\" data-e-type=\"section\" data-settings=\"{&quot;background_background&quot;:&quot;classic&quot;,&quot;animation&quot;:&quot;fadeInUp&quot;}\">\n\t\t\t\t\t\t\t<div class=\"elementor-background-overlay\"><\/div>\n\t\t\t\t\t\t\t<div class=\"elementor-container elementor-column-gap-no\">\n\t\t\t\t\t<div class=\"elementor-column elementor-col-100 elementor-top-column elementor-element elementor-element-458cf77f\" data-id=\"458cf77f\" data-element_type=\"column\" data-e-type=\"column\">\n\t\t\t<div class=\"elementor-widget-wrap elementor-element-populated\">\n\t\t\t\t\t\t<div class=\"elementor-element elementor-element-4662ac50 elementor-widget elementor-widget-heading\" data-id=\"4662ac50\" data-element_type=\"widget\" data-e-type=\"widget\" data-widget_type=\"heading.default\">\n\t\t\t\t<div class=\"elementor-widget-container\">\n\t\t\t\t\t<h2 class=\"elementor-heading-title elementor-size-default\">Who are we ?<\/h2>\t\t\t\t<\/div>\n\t\t\t\t<\/div>\n\t\t\t\t<div class=\"elementor-element elementor-element-5c4068f elementor-widget elementor-widget-spacer\" data-id=\"5c4068f\" data-element_type=\"widget\" data-e-type=\"widget\" data-widget_type=\"spacer.default\">\n\t\t\t\t<div class=\"elementor-widget-container\">\n\t\t\t\t\t\t\t<div class=\"elementor-spacer\">\n\t\t\t<div class=\"elementor-spacer-inner\"><\/div>\n\t\t<\/div>\n\t\t\t\t\t\t<\/div>\n\t\t\t\t<\/div>\n\t\t\t\t<div class=\"elementor-element elementor-element-281f94d elementor-widget elementor-widget-text-editor\" data-id=\"281f94d\" data-element_type=\"widget\" data-e-type=\"widget\" data-widget_type=\"text-editor.default\">\n\t\t\t\t<div class=\"elementor-widget-container\">\n\t\t\t\t\t\t\t\t\t<p><strong>SOHO CAPITAL, founded in 2014, is an international group specialised in the digital dental sector.<\/strong><br \/><strong>The group invests in leading companies in the European market, offering digital and innovative solutions for dental professionals. <br \/>It is led and driven by an experienced team of professionals who are passionate about digital technology in the field of oral health.<\/strong><\/p>\t\t\t\t\t\t\t\t<\/div>\n\t\t\t\t<\/div>\n\t\t\t\t\t<\/div>\n\t\t<\/div>\n\t\t\t\t\t<\/div>\n\t\t<\/section>\n\t\t\t\t<section class=\"elementor-section elementor-top-section elementor-element elementor-element-90cf852 elementor-section-full_width elementor-section-content-middle elementor-section-height-min-height elementor-section-items-stretch elementor-section-height-default elementor-invisible\" data-id=\"90cf852\" data-element_type=\"section\" data-e-type=\"section\" data-settings=\"{&quot;background_background&quot;:&quot;classic&quot;,&quot;animation&quot;:&quot;fadeInUp&quot;}\">\n\t\t\t\t\t\t\t<div class=\"elementor-background-overlay\"><\/div>\n\t\t\t\t\t\t\t<div class=\"elementor-container elementor-column-gap-no\">\n\t\t\t\t\t<div class=\"elementor-column elementor-col-50 elementor-top-column elementor-element elementor-element-d3ed3d1\" data-id=\"d3ed3d1\" data-element_type=\"column\" data-e-type=\"column\" data-settings=\"{&quot;background_background&quot;:&quot;classic&quot;}\">\n\t\t\t<div class=\"elementor-widget-wrap elementor-element-populated\">\n\t\t\t\t\t\t<div class=\"elementor-element elementor-element-3043baa round elementor-widget elementor-widget-image\" data-id=\"3043baa\" data-element_type=\"widget\" data-e-type=\"widget\" data-widget_type=\"image.default\">\n\t\t\t\t<div class=\"elementor-widget-container\">\n\t\t\t\t\t\t\t\t\t\t\t\t\t\t\t<img fetchpriority=\"high\" decoding=\"async\" width=\"800\" height=\"533\" src=\"https:\/\/www.sohocapital.fr\/wp-content\/uploads\/2023\/07\/concept-personnes-medecine-stomatologie-soins-sante-dentiste-masculin-heureux-montrant-ordinateur-tablette-patiente-au-bureau-clinique-dentaire-1024x682.jpg\" class=\"attachment-large size-large wp-image-1487\" alt=\"\" srcset=\"https:\/\/www.sohocapital.fr\/wp-content\/uploads\/2023\/07\/concept-personnes-medecine-stomatologie-soins-sante-dentiste-masculin-heureux-montrant-ordinateur-tablette-patiente-au-bureau-clinique-dentaire-1024x682.jpg 1024w, https:\/\/www.sohocapital.fr\/wp-content\/uploads\/2023\/07\/concept-personnes-medecine-stomatologie-soins-sante-dentiste-masculin-heureux-montrant-ordinateur-tablette-patiente-au-bureau-clinique-dentaire-300x200.jpg 300w, https:\/\/www.sohocapital.fr\/wp-content\/uploads\/2023\/07\/concept-personnes-medecine-stomatologie-soins-sante-dentiste-masculin-heureux-montrant-ordinateur-tablette-patiente-au-bureau-clinique-dentaire-768x512.jpg 768w, https:\/\/www.sohocapital.fr\/wp-content\/uploads\/2023\/07\/concept-personnes-medecine-stomatologie-soins-sante-dentiste-masculin-heureux-montrant-ordinateur-tablette-patiente-au-bureau-clinique-dentaire-18x12.jpg 18w, https:\/\/www.sohocapital.fr\/wp-content\/uploads\/2023\/07\/concept-personnes-medecine-stomatologie-soins-sante-dentiste-masculin-heureux-montrant-ordinateur-tablette-patiente-au-bureau-clinique-dentaire.jpg 1040w\" sizes=\"(max-width: 800px) 100vw, 800px\" \/>\t\t\t\t\t\t\t\t\t\t\t\t\t\t\t<\/div>\n\t\t\t\t<\/div>\n\t\t\t\t\t<\/div>\n\t\t<\/div>\n\t\t\t\t<div class=\"elementor-column elementor-col-50 elementor-top-column elementor-element elementor-element-f61d1e1\" data-id=\"f61d1e1\" data-element_type=\"column\" data-e-type=\"column\">\n\t\t\t<div class=\"elementor-widget-wrap elementor-element-populated\">\n\t\t\t\t\t\t<div class=\"elementor-element elementor-element-e972531 elementor-widget elementor-widget-heading\" data-id=\"e972531\" data-element_type=\"widget\" data-e-type=\"widget\" data-widget_type=\"heading.default\">\n\t\t\t\t<div class=\"elementor-widget-container\">\n\t\t\t\t\t<h2 class=\"elementor-heading-title elementor-size-default\">Our misson<\/h2>\t\t\t\t<\/div>\n\t\t\t\t<\/div>\n\t\t\t\t<div class=\"elementor-element elementor-element-9f832bd elementor-widget elementor-widget-spacer\" data-id=\"9f832bd\" data-element_type=\"widget\" data-e-type=\"widget\" data-widget_type=\"spacer.default\">\n\t\t\t\t<div class=\"elementor-widget-container\">\n\t\t\t\t\t\t\t<div class=\"elementor-spacer\">\n\t\t\t<div class=\"elementor-spacer-inner\"><\/div>\n\t\t<\/div>\n\t\t\t\t\t\t<\/div>\n\t\t\t\t<\/div>\n\t\t\t\t<div class=\"elementor-element elementor-element-b1b7c55 elementor-widget elementor-widget-text-editor\" data-id=\"b1b7c55\" data-element_type=\"widget\" data-e-type=\"widget\" data-widget_type=\"text-editor.default\">\n\t\t\t\t<div class=\"elementor-widget-container\">\n\t\t\t\t\t\t\t\t\t<p><strong>The increasing demand for dental care, the development of regulations, and the emergence of new technologies necessitate the creation of new management tools, interoperability, and communication between dental care facilities and patients.<\/strong><\/p><p>SOHO CAPITAL is creating a group of digital solution providers capable of positioning themselves as the main link between stakeholders in the dental ecosystem.<br \/>By leveraging cloud computing technology, its objective is to <strong>process, manage, communicate, and share information among the various facet of dental healthcare.<\/strong><\/p><p>Our companies, leveraging extensive experience in software development in the Dental Medicine field, strive to create synergies in costs, technology, and innovation. This collaborative initiative aims to deliver competitive advancements and technological expertise, delivering high-quality solutions in the practice management area.<strong><br \/><\/strong><\/p>\t\t\t\t\t\t\t\t<\/div>\n\t\t\t\t<\/div>\n\t\t\t\t\t<\/div>\n\t\t<\/div>\n\t\t\t\t\t<\/div>\n\t\t<\/section>\n\t\t\t\t<section class=\"elementor-section elementor-top-section elementor-element elementor-element-bc80381 elementor-section-full_width elementor-section-content-middle elementor-reverse-mobile elementor-section-height-min-height elementor-section-items-stretch elementor-section-height-default elementor-invisible\" data-id=\"bc80381\" data-element_type=\"section\" data-e-type=\"section\" data-settings=\"{&quot;animation&quot;:&quot;fadeInUp&quot;}\">\n\t\t\t\t\t\t\t<div class=\"elementor-background-overlay\"><\/div>\n\t\t\t\t\t\t\t<div class=\"elementor-container elementor-column-gap-no\">\n\t\t\t\t\t<div class=\"elementor-column elementor-col-50 elementor-top-column elementor-element elementor-element-3f5286d\" data-id=\"3f5286d\" data-element_type=\"column\" data-e-type=\"column\">\n\t\t\t<div class=\"elementor-widget-wrap elementor-element-populated\">\n\t\t\t\t\t\t<div class=\"elementor-element elementor-element-3c02706 elementor-invisible elementor-widget elementor-widget-heading\" data-id=\"3c02706\" data-element_type=\"widget\" data-e-type=\"widget\" data-settings=\"{&quot;_animation&quot;:&quot;fadeIn&quot;}\" data-widget_type=\"heading.default\">\n\t\t\t\t<div class=\"elementor-widget-container\">\n\t\t\t\t\t<h2 class=\"elementor-heading-title elementor-size-default\">Our vision<\/h2>\t\t\t\t<\/div>\n\t\t\t\t<\/div>\n\t\t\t\t<div class=\"elementor-element elementor-element-f15d6cc elementor-widget elementor-widget-spacer\" data-id=\"f15d6cc\" data-element_type=\"widget\" data-e-type=\"widget\" data-widget_type=\"spacer.default\">\n\t\t\t\t<div class=\"elementor-widget-container\">\n\t\t\t\t\t\t\t<div class=\"elementor-spacer\">\n\t\t\t<div class=\"elementor-spacer-inner\"><\/div>\n\t\t<\/div>\n\t\t\t\t\t\t<\/div>\n\t\t\t\t<\/div>\n\t\t\t\t<div class=\"elementor-element elementor-element-992aca5 elementor-widget elementor-widget-text-editor\" data-id=\"992aca5\" data-element_type=\"widget\" data-e-type=\"widget\" data-widget_type=\"text-editor.default\">\n\t\t\t\t<div class=\"elementor-widget-container\">\n\t\t\t\t\t\t\t\t\t<p>Drawing on its experience in developing specific software solutions, SOHO CAPITAL is pursuing a value-creating European build-up strategy. This involves monetising information, expanding its geographical presence across Europe based on synergies, achieving critical mass, realising economies of scale, and consolidating markets.\u00a0<\/p><p><span style=\"font-weight: 300;\">The group supports dental sector development projects, including transitioning to Software-as-a-Service (SaaS) technologies, internationalisation, improving dental industrial processes, driving growth, strengthening organisations and tools, and more.<\/span><\/p>\t\t\t\t\t\t\t\t<\/div>\n\t\t\t\t<\/div>\n\t\t\t\t\t<\/div>\n\t\t<\/div>\n\t\t\t\t<div class=\"elementor-column elementor-col-50 elementor-top-column elementor-element elementor-element-8eb3c28\" data-id=\"8eb3c28\" data-element_type=\"column\" data-e-type=\"column\" data-settings=\"{&quot;background_background&quot;:&quot;classic&quot;}\">\n\t\t\t<div class=\"elementor-widget-wrap elementor-element-populated\">\n\t\t\t\t\t\t<div class=\"elementor-element elementor-element-e4d649a round elementor-widget elementor-widget-image\" data-id=\"e4d649a\" data-element_type=\"widget\" data-e-type=\"widget\" data-widget_type=\"image.default\">\n\t\t\t\t<div class=\"elementor-widget-container\">\n\t\t\t\t\t\t\t\t\t\t\t\t\t\t\t<img decoding=\"async\" width=\"768\" height=\"768\" src=\"https:\/\/www.sohocapital.fr\/wp-content\/uploads\/2023\/07\/portrait-technicien-dentaire-dentiste-dans-son-laboratoire-1-768x768.jpg\" class=\"attachment-medium_large size-medium_large wp-image-1485\" alt=\"\" srcset=\"https:\/\/www.sohocapital.fr\/wp-content\/uploads\/2023\/07\/portrait-technicien-dentaire-dentiste-dans-son-laboratoire-1-768x768.jpg 768w, https:\/\/www.sohocapital.fr\/wp-content\/uploads\/2023\/07\/portrait-technicien-dentaire-dentiste-dans-son-laboratoire-1-300x300.jpg 300w, https:\/\/www.sohocapital.fr\/wp-content\/uploads\/2023\/07\/portrait-technicien-dentaire-dentiste-dans-son-laboratoire-1-1024x1024.jpg 1024w, https:\/\/www.sohocapital.fr\/wp-content\/uploads\/2023\/07\/portrait-technicien-dentaire-dentiste-dans-son-laboratoire-1-150x150.jpg 150w, https:\/\/www.sohocapital.fr\/wp-content\/uploads\/2023\/07\/portrait-technicien-dentaire-dentiste-dans-son-laboratoire-1-12x12.jpg 12w, https:\/\/www.sohocapital.fr\/wp-content\/uploads\/2023\/07\/portrait-technicien-dentaire-dentiste-dans-son-laboratoire-1.jpg 1146w\" sizes=\"(max-width: 768px) 100vw, 768px\" \/>\t\t\t\t\t\t\t\t\t\t\t\t\t\t\t<\/div>\n\t\t\t\t<\/div>\n\t\t\t\t\t<\/div>\n\t\t<\/div>\n\t\t\t\t\t<\/div>\n\t\t<\/section>\n\t\t\t\t<section class=\"elementor-section elementor-top-section elementor-element elementor-element-38ab3a08 elementor-section-full_width elementor-section-content-middle elementor-reverse-mobile elementor-section-height-min-height elementor-section-items-stretch elementor-section-height-default elementor-invisible\" data-id=\"38ab3a08\" data-element_type=\"section\" data-e-type=\"section\" data-settings=\"{&quot;animation&quot;:&quot;fadeInUp&quot;}\">\n\t\t\t\t\t\t\t<div class=\"elementor-background-overlay\"><\/div>\n\t\t\t\t\t\t\t<div class=\"elementor-container elementor-column-gap-no\">\n\t\t\t\t\t<div class=\"elementor-column elementor-col-50 elementor-top-column elementor-element elementor-element-6aaab7f5\" data-id=\"6aaab7f5\" data-element_type=\"column\" data-e-type=\"column\" data-settings=\"{&quot;background_background&quot;:&quot;classic&quot;}\">\n\t\t\t<div class=\"elementor-widget-wrap elementor-element-populated\">\n\t\t\t\t\t\t<div class=\"elementor-element elementor-element-0c08dad elementor-widget elementor-widget-image\" data-id=\"0c08dad\" data-element_type=\"widget\" data-e-type=\"widget\" data-widget_type=\"image.default\">\n\t\t\t\t<div class=\"elementor-widget-container\">\n\t\t\t\t\t\t\t\t\t\t\t\t\t\t\t<img decoding=\"async\" width=\"800\" height=\"450\" src=\"https:\/\/www.sohocapital.fr\/wp-content\/uploads\/2023\/05\/E3042E-1-1024x576.png\" class=\"attachment-large size-large wp-image-1122\" alt=\"\" srcset=\"https:\/\/www.sohocapital.fr\/wp-content\/uploads\/2023\/05\/E3042E-1-1024x576.png 1024w, https:\/\/www.sohocapital.fr\/wp-content\/uploads\/2023\/05\/E3042E-1-300x169.png 300w, https:\/\/www.sohocapital.fr\/wp-content\/uploads\/2023\/05\/E3042E-1-768x432.png 768w, https:\/\/www.sohocapital.fr\/wp-content\/uploads\/2023\/05\/E3042E-1-1536x864.png 1536w, https:\/\/www.sohocapital.fr\/wp-content\/uploads\/2023\/05\/E3042E-1.png 1920w\" sizes=\"(max-width: 800px) 100vw, 800px\" \/>\t\t\t\t\t\t\t\t\t\t\t\t\t\t\t<\/div>\n\t\t\t\t<\/div>\n\t\t\t\t\t<\/div>\n\t\t<\/div>\n\t\t\t\t<div class=\"elementor-column elementor-col-50 elementor-top-column elementor-element elementor-element-73cf2fcf\" data-id=\"73cf2fcf\" data-element_type=\"column\" data-e-type=\"column\">\n\t\t\t<div class=\"elementor-widget-wrap elementor-element-populated\">\n\t\t\t\t\t\t<div class=\"elementor-element elementor-element-374eb28a elementor-invisible elementor-widget elementor-widget-heading\" data-id=\"374eb28a\" data-element_type=\"widget\" data-e-type=\"widget\" data-settings=\"{&quot;_animation&quot;:&quot;fadeIn&quot;}\" data-widget_type=\"heading.default\">\n\t\t\t\t<div class=\"elementor-widget-container\">\n\t\t\t\t\t<h2 class=\"elementor-heading-title elementor-size-default\">SOHO CAPITAL<\/h2>\t\t\t\t<\/div>\n\t\t\t\t<\/div>\n\t\t\t\t<div class=\"elementor-element elementor-element-2e8edef3 elementor-widget elementor-widget-heading\" data-id=\"2e8edef3\" data-element_type=\"widget\" data-e-type=\"widget\" data-widget_type=\"heading.default\">\n\t\t\t\t<div class=\"elementor-widget-container\">\n\t\t\t\t\t<h6 class=\"elementor-heading-title elementor-size-default\">International group<\/h6>\t\t\t\t<\/div>\n\t\t\t\t<\/div>\n\t\t\t\t<div class=\"elementor-element elementor-element-d579cfa elementor-widget elementor-widget-spacer\" data-id=\"d579cfa\" data-element_type=\"widget\" data-e-type=\"widget\" data-widget_type=\"spacer.default\">\n\t\t\t\t<div class=\"elementor-widget-container\">\n\t\t\t\t\t\t\t<div class=\"elementor-spacer\">\n\t\t\t<div class=\"elementor-spacer-inner\"><\/div>\n\t\t<\/div>\n\t\t\t\t\t\t<\/div>\n\t\t\t\t<\/div>\n\t\t\t\t<div class=\"elementor-element elementor-element-1dff389 elementor-widget elementor-widget-text-editor\" data-id=\"1dff389\" data-element_type=\"widget\" data-e-type=\"widget\" data-widget_type=\"text-editor.default\">\n\t\t\t\t<div class=\"elementor-widget-container\">\n\t\t\t\t\t\t\t\t\t<p><span style=\"color: #1d1d1b; text-align: center;\">As of today, the group has presence in four European countries - France, Portugal, Poland, and the United Kingdom - through its subsidiaries Prothesis Dental Solutions, Imaginasoft, Estomed and Aerona, benefiting from a leadership position in their respective markets.<\/span><\/p>\t\t\t\t\t\t\t\t<\/div>\n\t\t\t\t<\/div>\n\t\t\t\t\t<\/div>\n\t\t<\/div>\n\t\t\t\t\t<\/div>\n\t\t<\/section>\n\t\t\t\t<\/div>","protected":false},"excerpt":{"rendered":"<p>Qui sommes-nous ? SOHO CAPITAL, cr\u00e9\u00e9 en 2014, est un groupe international sp\u00e9cialis\u00e9 dans le secteur num\u00e9rique dentaire.Le groupe investit dans les entreprises leaders sur le march\u00e9 europ\u00e9en, proposant des solutions num\u00e9riques et innovantes pour les professionnels de l&rsquo;odontologie. Il est dirig\u00e9 et anim\u00e9 par une \u00e9quipe exp\u00e9riment\u00e9e de professionnels passionn\u00e9s de technologie num\u00e9rique au [&hellip;]<\/p>\n","protected":false},"author":3,"featured_media":1550,"parent":0,"menu_order":0,"comment_status":"closed","ping_status":"closed","template":"","meta":{"footnotes":""},"class_list":["post-375","page","type-page","status-publish","has-post-thumbnail","hentry"],"yoast_head":"<!-- This site is optimized with the Yoast SEO plugin v27.5 - https:\/\/yoast.com\/product\/yoast-seo-wordpress\/ -->\n<title>Le Groupe - SOHO CAPITAL<\/title>\n<meta name=\"description\" content=\"SOHO CAPITAL, cr\u00e9\u00e9 en 2014, est un groupe international sp\u00e9cialis\u00e9 dans le secteur num\u00e9rique dentaire.\" \/>\n<meta name=\"robots\" content=\"index, follow, max-snippet:-1, max-image-preview:large, max-video-preview:-1\" \/>\n<link rel=\"canonical\" href=\"https:\/\/www.sohocapital.fr\/en\/le-groupe\/\" \/>\n<meta property=\"og:locale\" content=\"en_GB\" \/>\n<meta property=\"og:type\" content=\"article\" \/>\n<meta property=\"og:title\" content=\"Le Groupe - SOHO CAPITAL\" \/>\n<meta property=\"og:description\" content=\"SOHO CAPITAL, cr\u00e9\u00e9 en 2014, est un groupe international sp\u00e9cialis\u00e9 dans le secteur num\u00e9rique dentaire.\" \/>\n<meta property=\"og:url\" content=\"https:\/\/www.sohocapital.fr\/en\/le-groupe\/\" \/>\n<meta property=\"og:site_name\" content=\"SOHO CAPITAL\" \/>\n<meta property=\"article:modified_time\" content=\"2023-12-01T10:28:11+00:00\" \/>\n<meta property=\"og:image\" content=\"https:\/\/www.sohocapital.fr\/wp-content\/uploads\/2022\/06\/cropped-logoSC-e1691503324447.png\" \/>\n\t<meta property=\"og:image:width\" content=\"512\" \/>\n\t<meta property=\"og:image:height\" content=\"512\" \/>\n\t<meta property=\"og:image:type\" content=\"image\/png\" \/>\n<meta name=\"twitter:card\" content=\"summary_large_image\" \/>\n<meta name=\"twitter:label1\" content=\"Estimated reading time\" \/>\n\t<meta name=\"twitter:data1\" content=\"3 minutes\" \/>\n<script type=\"application\/ld+json\" class=\"yoast-schema-graph\">{\"@context\":\"https:\\\/\\\/schema.org\",\"@graph\":[{\"@type\":\"WebPage\",\"@id\":\"https:\\\/\\\/www.sohocapital.fr\\\/le-groupe\\\/\",\"url\":\"https:\\\/\\\/www.sohocapital.fr\\\/le-groupe\\\/\",\"name\":\"Le Groupe - SOHO CAPITAL\",\"isPartOf\":{\"@id\":\"https:\\\/\\\/www.sohocapital.fr\\\/#website\"},\"primaryImageOfPage\":{\"@id\":\"https:\\\/\\\/www.sohocapital.fr\\\/le-groupe\\\/#primaryimage\"},\"image\":{\"@id\":\"https:\\\/\\\/www.sohocapital.fr\\\/le-groupe\\\/#primaryimage\"},\"thumbnailUrl\":\"https:\\\/\\\/www.sohocapital.fr\\\/wp-content\\\/uploads\\\/2022\\\/06\\\/cropped-logoSC-e1691503324447.png\",\"datePublished\":\"2022-09-09T14:37:40+00:00\",\"dateModified\":\"2023-12-01T10:28:11+00:00\",\"description\":\"SOHO CAPITAL, cr\u00e9\u00e9 en 2014, est un groupe international sp\u00e9cialis\u00e9 dans le secteur num\u00e9rique dentaire.\",\"breadcrumb\":{\"@id\":\"https:\\\/\\\/www.sohocapital.fr\\\/le-groupe\\\/#breadcrumb\"},\"inLanguage\":\"en-GB\",\"potentialAction\":[{\"@type\":\"ReadAction\",\"target\":[\"https:\\\/\\\/www.sohocapital.fr\\\/le-groupe\\\/\"]}]},{\"@type\":\"ImageObject\",\"inLanguage\":\"en-GB\",\"@id\":\"https:\\\/\\\/www.sohocapital.fr\\\/le-groupe\\\/#primaryimage\",\"url\":\"https:\\\/\\\/www.sohocapital.fr\\\/wp-content\\\/uploads\\\/2022\\\/06\\\/cropped-logoSC-e1691503324447.png\",\"contentUrl\":\"https:\\\/\\\/www.sohocapital.fr\\\/wp-content\\\/uploads\\\/2022\\\/06\\\/cropped-logoSC-e1691503324447.png\",\"width\":512,\"height\":512},{\"@type\":\"BreadcrumbList\",\"@id\":\"https:\\\/\\\/www.sohocapital.fr\\\/le-groupe\\\/#breadcrumb\",\"itemListElement\":[{\"@type\":\"ListItem\",\"position\":1,\"name\":\"Accueil\",\"item\":\"https:\\\/\\\/www.sohocapital.fr\\\/\"},{\"@type\":\"ListItem\",\"position\":2,\"name\":\"Le Groupe\"}]},{\"@type\":\"WebSite\",\"@id\":\"https:\\\/\\\/www.sohocapital.fr\\\/#website\",\"url\":\"https:\\\/\\\/www.sohocapital.fr\\\/\",\"name\":\"SOHO CAPITAL\",\"description\":\"Groupe investissement entreprises dentaires num\u00e9riques logiciels software\",\"publisher\":{\"@id\":\"https:\\\/\\\/www.sohocapital.fr\\\/#organization\"},\"potentialAction\":[{\"@type\":\"SearchAction\",\"target\":{\"@type\":\"EntryPoint\",\"urlTemplate\":\"https:\\\/\\\/www.sohocapital.fr\\\/?s={search_term_string}\"},\"query-input\":{\"@type\":\"PropertyValueSpecification\",\"valueRequired\":true,\"valueName\":\"search_term_string\"}}],\"inLanguage\":\"en-GB\"},{\"@type\":\"Organization\",\"@id\":\"https:\\\/\\\/www.sohocapital.fr\\\/#organization\",\"name\":\"SOHO CAPITAL\",\"url\":\"https:\\\/\\\/www.sohocapital.fr\\\/\",\"logo\":{\"@type\":\"ImageObject\",\"inLanguage\":\"en-GB\",\"@id\":\"https:\\\/\\\/www.sohocapital.fr\\\/#\\\/schema\\\/logo\\\/image\\\/\",\"url\":\"https:\\\/\\\/www.sohocapital.fr\\\/wp-content\\\/uploads\\\/2022\\\/06\\\/logoSC.svg\",\"contentUrl\":\"https:\\\/\\\/www.sohocapital.fr\\\/wp-content\\\/uploads\\\/2022\\\/06\\\/logoSC.svg\",\"width\":717,\"height\":197,\"caption\":\"SOHO CAPITAL\"},\"image\":{\"@id\":\"https:\\\/\\\/www.sohocapital.fr\\\/#\\\/schema\\\/logo\\\/image\\\/\"}}]}<\/script>\n<!-- \/ Yoast SEO plugin. -->","yoast_head_json":{"title":"Le Groupe - SOHO CAPITAL","description":"SOHO CAPITAL, founded in 2014, is an international group specialised in the digital dental sector.","robots":{"index":"index","follow":"follow","max-snippet":"max-snippet:-1","max-image-preview":"max-image-preview:large","max-video-preview":"max-video-preview:-1"},"canonical":"https:\/\/www.sohocapital.fr\/en\/le-groupe\/","og_locale":"en_GB","og_type":"article","og_title":"Le Groupe - SOHO CAPITAL","og_description":"SOHO CAPITAL, cr\u00e9\u00e9 en 2014, est un groupe international sp\u00e9cialis\u00e9 dans le secteur num\u00e9rique dentaire.","og_url":"https:\/\/www.sohocapital.fr\/en\/le-groupe\/","og_site_name":"SOHO CAPITAL","article_modified_time":"2023-12-01T10:28:11+00:00","og_image":[{"width":512,"height":512,"url":"https:\/\/www.sohocapital.fr\/wp-content\/uploads\/2022\/06\/cropped-logoSC-e1691503324447.png","type":"image\/png"}],"twitter_card":"summary_large_image","twitter_misc":{"Estimated reading time":"3 minutes"},"schema":{"@context":"https:\/\/schema.org","@graph":[{"@type":"WebPage","@id":"https:\/\/www.sohocapital.fr\/le-groupe\/","url":"https:\/\/www.sohocapital.fr\/le-groupe\/","name":"Le Groupe - SOHO CAPITAL","isPartOf":{"@id":"https:\/\/www.sohocapital.fr\/#website"},"primaryImageOfPage":{"@id":"https:\/\/www.sohocapital.fr\/le-groupe\/#primaryimage"},"image":{"@id":"https:\/\/www.sohocapital.fr\/le-groupe\/#primaryimage"},"thumbnailUrl":"https:\/\/www.sohocapital.fr\/wp-content\/uploads\/2022\/06\/cropped-logoSC-e1691503324447.png","datePublished":"2022-09-09T14:37:40+00:00","dateModified":"2023-12-01T10:28:11+00:00","description":"SOHO CAPITAL, founded in 2014, is an international group specialised in the digital dental sector.","breadcrumb":{"@id":"https:\/\/www.sohocapital.fr\/le-groupe\/#breadcrumb"},"inLanguage":"en-GB","potentialAction":[{"@type":"ReadAction","target":["https:\/\/www.sohocapital.fr\/le-groupe\/"]}]},{"@type":"ImageObject","inLanguage":"en-GB","@id":"https:\/\/www.sohocapital.fr\/le-groupe\/#primaryimage","url":"https:\/\/www.sohocapital.fr\/wp-content\/uploads\/2022\/06\/cropped-logoSC-e1691503324447.png","contentUrl":"https:\/\/www.sohocapital.fr\/wp-content\/uploads\/2022\/06\/cropped-logoSC-e1691503324447.png","width":512,"height":512},{"@type":"BreadcrumbList","@id":"https:\/\/www.sohocapital.fr\/le-groupe\/#breadcrumb","itemListElement":[{"@type":"ListItem","position":1,"name":"Accueil","item":"https:\/\/www.sohocapital.fr\/"},{"@type":"ListItem","position":2,"name":"Le Groupe"}]},{"@type":"WebSite","@id":"https:\/\/www.sohocapital.fr\/#website","url":"https:\/\/www.sohocapital.fr\/","name":"SOHO CAPITAL","description":"Groupe investissement entreprises dentaires num\u00e9riques logiciels software","publisher":{"@id":"https:\/\/www.sohocapital.fr\/#organization"},"potentialAction":[{"@type":"SearchAction","target":{"@type":"EntryPoint","urlTemplate":"https:\/\/www.sohocapital.fr\/?s={search_term_string}"},"query-input":{"@type":"PropertyValueSpecification","valueRequired":true,"valueName":"search_term_string"}}],"inLanguage":"en-GB"},{"@type":"Organization","@id":"https:\/\/www.sohocapital.fr\/#organization","name":"SOHO CAPITAL","url":"https:\/\/www.sohocapital.fr\/","logo":{"@type":"ImageObject","inLanguage":"en-GB","@id":"https:\/\/www.sohocapital.fr\/#\/schema\/logo\/image\/","url":"https:\/\/www.sohocapital.fr\/wp-content\/uploads\/2022\/06\/logoSC.svg","contentUrl":"https:\/\/www.sohocapital.fr\/wp-content\/uploads\/2022\/06\/logoSC.svg","width":717,"height":197,"caption":"SOHO CAPITAL"},"image":{"@id":"https:\/\/www.sohocapital.fr\/#\/schema\/logo\/image\/"}}]}},"_links":{"self":[{"href":"https:\/\/www.sohocapital.fr\/en\/wp-json\/wp\/v2\/pages\/375","targetHints":{"allow":["GET"]}}],"collection":[{"href":"https:\/\/www.sohocapital.fr\/en\/wp-json\/wp\/v2\/pages"}],"about":[{"href":"https:\/\/www.sohocapital.fr\/en\/wp-json\/wp\/v2\/types\/page"}],"author":[{"embeddable":true,"href":"https:\/\/www.sohocapital.fr\/en\/wp-json\/wp\/v2\/users\/3"}],"replies":[{"embeddable":true,"href":"https:\/\/www.sohocapital.fr\/en\/wp-json\/wp\/v2\/comments?post=375"}],"version-history":[{"count":101,"href":"https:\/\/www.sohocapital.fr\/en\/wp-json\/wp\/v2\/pages\/375\/revisions"}],"predecessor-version":[{"id":1683,"href":"https:\/\/www.sohocapital.fr\/en\/wp-json\/wp\/v2\/pages\/375\/revisions\/1683"}],"wp:featuredmedia":[{"embeddable":true,"href":"https:\/\/www.sohocapital.fr\/en\/wp-json\/wp\/v2\/media\/1550"}],"wp:attachment":[{"href":"https:\/\/www.sohocapital.fr\/en\/wp-json\/wp\/v2\/media?parent=375"}],"curies":[{"name":"wp","href":"https:\/\/api.w.org\/{rel}","templated":true}]}}