{"id":366,"date":"2022-09-08T15:49:54","date_gmt":"2022-09-08T13:49:54","guid":{"rendered":"http:\/\/www.sohocapital.fr\/?page_id=366"},"modified":"2026-03-23T10:14:59","modified_gmt":"2026-03-23T09:14:59","slug":"lequipe","status":"publish","type":"page","link":"https:\/\/www.sohocapital.fr\/en\/lequipe\/","title":{"rendered":"L&rsquo;\u00e9quipe"},"content":{"rendered":"<div data-elementor-type=\"wp-page\" data-elementor-id=\"366\" class=\"elementor elementor-366\">\n\t\t\t\t\t\t<section class=\"elementor-section elementor-top-section elementor-element elementor-element-38ab3a08 elementor-section-full_width elementor-section-content-middle elementor-reverse-mobile elementor-section-height-min-height elementor-section-items-stretch elementor-section-height-default elementor-invisible\" data-id=\"38ab3a08\" data-element_type=\"section\" data-e-type=\"section\" data-settings=\"{&quot;animation&quot;:&quot;fadeInUp&quot;}\">\n\t\t\t\t\t\t<div class=\"elementor-container elementor-column-gap-no\">\n\t\t\t\t\t<div class=\"elementor-column elementor-col-50 elementor-top-column elementor-element elementor-element-6aaab7f5\" data-id=\"6aaab7f5\" data-element_type=\"column\" data-e-type=\"column\" data-settings=\"{&quot;background_background&quot;:&quot;classic&quot;}\">\n\t\t\t<div class=\"elementor-widget-wrap elementor-element-populated\">\n\t\t\t\t\t\t<div class=\"elementor-element elementor-element-6dcfbd2 elementor-widget elementor-widget-image\" data-id=\"6dcfbd2\" data-element_type=\"widget\" data-e-type=\"widget\" data-widget_type=\"image.default\">\n\t\t\t\t<div class=\"elementor-widget-container\">\n\t\t\t\t\t\t\t\t\t\t\t\t\t\t\t<img decoding=\"async\" src=\"https:\/\/www.sohocapital.fr\/wp-content\/uploads\/elementor\/thumbs\/OM-1-1-q9jbxs9s4j39vnlsa4u98c46gzbbwbnxthtjcugdtu.jpg\" title=\"Olivier MAURIER\" alt=\"Olivier MAURIER CEO SOHO CAPITAL\" loading=\"lazy\" \/>\t\t\t\t\t\t\t\t\t\t\t\t\t\t\t<\/div>\n\t\t\t\t<\/div>\n\t\t\t\t\t<\/div>\n\t\t<\/div>\n\t\t\t\t<div class=\"elementor-column elementor-col-50 elementor-top-column elementor-element elementor-element-73cf2fcf\" data-id=\"73cf2fcf\" data-element_type=\"column\" data-e-type=\"column\">\n\t\t\t<div class=\"elementor-widget-wrap elementor-element-populated\">\n\t\t\t\t\t\t<div class=\"elementor-element elementor-element-2e8edef3 elementor-widget elementor-widget-heading\" data-id=\"2e8edef3\" data-element_type=\"widget\" data-e-type=\"widget\" data-widget_type=\"heading.default\">\n\t\t\t\t<div class=\"elementor-widget-container\">\n\t\t\t\t\t<h6 class=\"elementor-heading-title elementor-size-default\">President<\/h6>\t\t\t\t<\/div>\n\t\t\t\t<\/div>\n\t\t\t\t<div class=\"elementor-element elementor-element-374eb28a elementor-invisible elementor-widget elementor-widget-heading\" data-id=\"374eb28a\" data-element_type=\"widget\" data-e-type=\"widget\" data-settings=\"{&quot;_animation&quot;:&quot;fadeIn&quot;}\" data-widget_type=\"heading.default\">\n\t\t\t\t<div class=\"elementor-widget-container\">\n\t\t\t\t\t<h2 class=\"elementor-heading-title elementor-size-default\">Olivier MAURIER<\/h2>\t\t\t\t<\/div>\n\t\t\t\t<\/div>\n\t\t\t\t<div class=\"elementor-element elementor-element-4166578b elementor-invisible elementor-widget elementor-widget-text-editor\" data-id=\"4166578b\" data-element_type=\"widget\" data-e-type=\"widget\" data-settings=\"{&quot;_animation&quot;:&quot;fadeIn&quot;,&quot;_animation_delay&quot;:400}\" data-widget_type=\"text-editor.default\">\n\t\t\t\t<div class=\"elementor-widget-container\">\n\t\t\t\t\t\t\t\t\t<p><strong>Founder of SOHO CAPITAL group, <\/strong>Olivier Maurier has extensive experience in dental healthcare information and communication technologies (ICT). In the 1990s, he played a key role in the emergence and development of digital imaging in dental clinics at the world's leading dental imaging company. He also contributed to the computerisation of dental clinics by establishing the software JULIE as the leading ERP (Enterprise Resource Planning) solution in France.<\/p><p>Throughout his professional career, Olivier Maurier has embarked on several entrepreneurial ventures in France, Europe, and the USA.<\/p><p>He has successfully executed several LBO (leveraged buyout) transactions, notably with INITIATIVE &amp; FINANCE INVESTISSEMENT.<\/p><p>Driven by a disruptive vision, he continues to pursue a strategy of buy &amp; build and the development of innovative solutions based on cloud computing technologies.<\/p>\t\t\t\t\t\t\t\t<\/div>\n\t\t\t\t<\/div>\n\t\t\t\t\t<\/div>\n\t\t<\/div>\n\t\t\t\t\t<\/div>\n\t\t<\/section>\n\t\t\t\t<section class=\"elementor-section elementor-top-section elementor-element elementor-element-645f469 elementor-section-full_width elementor-section-content-middle elementor-reverse-mobile elementor-section-height-min-height elementor-section-items-stretch elementor-section-height-default elementor-invisible\" data-id=\"645f469\" data-element_type=\"section\" data-e-type=\"section\" data-settings=\"{&quot;animation&quot;:&quot;fadeInUp&quot;,&quot;background_background&quot;:&quot;classic&quot;}\">\n\t\t\t\t\t\t<div class=\"elementor-container elementor-column-gap-no\">\n\t\t\t\t\t<div class=\"elementor-column elementor-col-50 elementor-top-column elementor-element elementor-element-27d25a2\" data-id=\"27d25a2\" data-element_type=\"column\" data-e-type=\"column\">\n\t\t\t<div class=\"elementor-widget-wrap elementor-element-populated\">\n\t\t\t\t\t\t<div class=\"elementor-element elementor-element-e277594 elementor-widget elementor-widget-heading\" data-id=\"e277594\" data-element_type=\"widget\" data-e-type=\"widget\" data-widget_type=\"heading.default\">\n\t\t\t\t<div class=\"elementor-widget-container\">\n\t\t\t\t\t<h6 class=\"elementor-heading-title elementor-size-default\">GENERAL MANAGER<\/h6>\t\t\t\t<\/div>\n\t\t\t\t<\/div>\n\t\t\t\t<div class=\"elementor-element elementor-element-c03ee20 elementor-invisible elementor-widget elementor-widget-heading\" data-id=\"c03ee20\" data-element_type=\"widget\" data-e-type=\"widget\" data-settings=\"{&quot;_animation&quot;:&quot;fadeIn&quot;}\" data-widget_type=\"heading.default\">\n\t\t\t\t<div class=\"elementor-widget-container\">\n\t\t\t\t\t<h2 class=\"elementor-heading-title elementor-size-default\">Mike STONELL<\/h2>\t\t\t\t<\/div>\n\t\t\t\t<\/div>\n\t\t\t\t<div class=\"elementor-element elementor-element-76ca06a elementor-invisible elementor-widget elementor-widget-text-editor\" data-id=\"76ca06a\" data-element_type=\"widget\" data-e-type=\"widget\" data-settings=\"{&quot;_animation&quot;:&quot;fadeIn&quot;,&quot;_animation_delay&quot;:400}\" data-widget_type=\"text-editor.default\">\n\t\t\t\t<div class=\"elementor-widget-container\">\n\t\t\t\t\t\t\t\t\t<p>With over 25 years of experience in the dental industry, Mike has held various roles including account management, sales, international business development, regional director, and general manager, before joining SOHO CAPITAL.<\/p><p>His Market and Product knowledge of Dental Practice Management Software is extensive and he\u2019s passionate about understanding customer needs and converting that into opportunities that have a valid and obvious value proposition for customers.<\/p><p>He\u2019s passionate about our people and business culture, and believes Leadership is an inclusive activity with every team member having a voice.<\/p><p>The industry is going through digital change, and he is determined to use this as an opportunity to allow our customers both in Dental Practice and Dental Laboratories to capitalise through enhanced and new solutions delivered by the group.<\/p>\t\t\t\t\t\t\t\t<\/div>\n\t\t\t\t<\/div>\n\t\t\t\t\t<\/div>\n\t\t<\/div>\n\t\t\t\t<div class=\"elementor-column elementor-col-50 elementor-top-column elementor-element elementor-element-3c93a11\" data-id=\"3c93a11\" data-element_type=\"column\" data-e-type=\"column\" data-settings=\"{&quot;background_background&quot;:&quot;classic&quot;}\">\n\t\t\t<div class=\"elementor-widget-wrap elementor-element-populated\">\n\t\t\t\t\t\t<div class=\"elementor-element elementor-element-a5fd82b elementor-widget elementor-widget-image\" data-id=\"a5fd82b\" data-element_type=\"widget\" data-e-type=\"widget\" data-widget_type=\"image.default\">\n\t\t\t\t<div class=\"elementor-widget-container\">\n\t\t\t\t\t\t\t\t\t\t\t\t\t\t\t<img decoding=\"async\" src=\"https:\/\/www.sohocapital.fr\/wp-content\/uploads\/elementor\/thumbs\/Portrait-M-Stonell-qkdub9m9x8pl75thoghbmcbgqubenglna8z8x429sk.jpg\" title=\"Portrait M Stonell\" alt=\"Portrait M Stonell\" loading=\"lazy\" \/>\t\t\t\t\t\t\t\t\t\t\t\t\t\t\t<\/div>\n\t\t\t\t<\/div>\n\t\t\t\t\t<\/div>\n\t\t<\/div>\n\t\t\t\t\t<\/div>\n\t\t<\/section>\n\t\t\t\t<\/div>","protected":false},"excerpt":{"rendered":"<p>Pr\u00c9sident Olivier MAURIER Fondateur du groupe SOHO CAPITAL, Olivier MAURIER b\u00e9n\u00e9ficie d\u2019une longue exp\u00e9rience des NTIC d\u00e9di\u00e9es \u00e0 la sant\u00e9 dentaire. Dans les ann\u00e9es 90, il contribue \u00e0 la naissance et au d\u00e9veloppement de l\u2019imagerie num\u00e9rique dans les cabinets dentaires chez le N\u00b01 mondial de l\u2019imagerie dentaire puis \u00e0 l\u2019informatisation des cabinets dentaires en faisant [&hellip;]<\/p>\n","protected":false},"author":3,"featured_media":1550,"parent":0,"menu_order":0,"comment_status":"closed","ping_status":"closed","template":"elementor_header_footer","meta":{"footnotes":""},"class_list":["post-366","page","type-page","status-publish","has-post-thumbnail","hentry"],"yoast_head":"<!-- This site is optimized with the Yoast SEO plugin v27.4 - https:\/\/yoast.com\/product\/yoast-seo-wordpress\/ -->\n<title>L&#039;\u00e9quipe - SOHO CAPITAL<\/title>\n<meta name=\"robots\" content=\"index, follow, max-snippet:-1, max-image-preview:large, max-video-preview:-1\" \/>\n<link rel=\"canonical\" href=\"https:\/\/www.sohocapital.fr\/en\/lequipe\/\" \/>\n<meta property=\"og:locale\" content=\"en_GB\" \/>\n<meta property=\"og:type\" content=\"article\" \/>\n<meta property=\"og:title\" content=\"L&#039;\u00e9quipe - SOHO CAPITAL\" \/>\n<meta property=\"og:description\" content=\"Pr\u00c9sident Olivier MAURIER Fondateur du groupe SOHO CAPITAL, Olivier MAURIER b\u00e9n\u00e9ficie d\u2019une longue exp\u00e9rience des NTIC d\u00e9di\u00e9es \u00e0 la sant\u00e9 dentaire. Dans les ann\u00e9es 90, il contribue \u00e0 la naissance et au d\u00e9veloppement de l\u2019imagerie num\u00e9rique dans les cabinets dentaires chez le N\u00b01 mondial de l\u2019imagerie dentaire puis \u00e0 l\u2019informatisation des cabinets dentaires en faisant [&hellip;]\" \/>\n<meta property=\"og:url\" content=\"https:\/\/www.sohocapital.fr\/en\/lequipe\/\" \/>\n<meta property=\"og:site_name\" content=\"SOHO CAPITAL\" \/>\n<meta property=\"article:modified_time\" content=\"2026-03-23T09:14:59+00:00\" \/>\n<meta property=\"og:image\" content=\"https:\/\/www.sohocapital.fr\/wp-content\/uploads\/2022\/06\/cropped-logoSC-e1691503324447.png\" \/>\n\t<meta property=\"og:image:width\" content=\"512\" \/>\n\t<meta property=\"og:image:height\" content=\"512\" \/>\n\t<meta property=\"og:image:type\" content=\"image\/png\" \/>\n<meta name=\"twitter:card\" content=\"summary_large_image\" \/>\n<meta name=\"twitter:label1\" content=\"Estimated reading time\" \/>\n\t<meta name=\"twitter:data1\" content=\"2 minutes\" \/>\n<script type=\"application\/ld+json\" class=\"yoast-schema-graph\">{\"@context\":\"https:\\\/\\\/schema.org\",\"@graph\":[{\"@type\":\"WebPage\",\"@id\":\"https:\\\/\\\/www.sohocapital.fr\\\/lequipe\\\/\",\"url\":\"https:\\\/\\\/www.sohocapital.fr\\\/lequipe\\\/\",\"name\":\"L'\u00e9quipe - SOHO CAPITAL\",\"isPartOf\":{\"@id\":\"https:\\\/\\\/www.sohocapital.fr\\\/#website\"},\"primaryImageOfPage\":{\"@id\":\"https:\\\/\\\/www.sohocapital.fr\\\/lequipe\\\/#primaryimage\"},\"image\":{\"@id\":\"https:\\\/\\\/www.sohocapital.fr\\\/lequipe\\\/#primaryimage\"},\"thumbnailUrl\":\"https:\\\/\\\/www.sohocapital.fr\\\/wp-content\\\/uploads\\\/2022\\\/06\\\/cropped-logoSC-e1691503324447.png\",\"datePublished\":\"2022-09-08T13:49:54+00:00\",\"dateModified\":\"2026-03-23T09:14:59+00:00\",\"breadcrumb\":{\"@id\":\"https:\\\/\\\/www.sohocapital.fr\\\/lequipe\\\/#breadcrumb\"},\"inLanguage\":\"en-GB\",\"potentialAction\":[{\"@type\":\"ReadAction\",\"target\":[\"https:\\\/\\\/www.sohocapital.fr\\\/lequipe\\\/\"]}]},{\"@type\":\"ImageObject\",\"inLanguage\":\"en-GB\",\"@id\":\"https:\\\/\\\/www.sohocapital.fr\\\/lequipe\\\/#primaryimage\",\"url\":\"https:\\\/\\\/www.sohocapital.fr\\\/wp-content\\\/uploads\\\/2022\\\/06\\\/cropped-logoSC-e1691503324447.png\",\"contentUrl\":\"https:\\\/\\\/www.sohocapital.fr\\\/wp-content\\\/uploads\\\/2022\\\/06\\\/cropped-logoSC-e1691503324447.png\",\"width\":512,\"height\":512},{\"@type\":\"BreadcrumbList\",\"@id\":\"https:\\\/\\\/www.sohocapital.fr\\\/lequipe\\\/#breadcrumb\",\"itemListElement\":[{\"@type\":\"ListItem\",\"position\":1,\"name\":\"Accueil\",\"item\":\"https:\\\/\\\/www.sohocapital.fr\\\/\"},{\"@type\":\"ListItem\",\"position\":2,\"name\":\"L&rsquo;\u00e9quipe\"}]},{\"@type\":\"WebSite\",\"@id\":\"https:\\\/\\\/www.sohocapital.fr\\\/#website\",\"url\":\"https:\\\/\\\/www.sohocapital.fr\\\/\",\"name\":\"SOHO CAPITAL\",\"description\":\"Groupe investissement entreprises dentaires num\u00e9riques logiciels software\",\"publisher\":{\"@id\":\"https:\\\/\\\/www.sohocapital.fr\\\/#organization\"},\"potentialAction\":[{\"@type\":\"SearchAction\",\"target\":{\"@type\":\"EntryPoint\",\"urlTemplate\":\"https:\\\/\\\/www.sohocapital.fr\\\/?s={search_term_string}\"},\"query-input\":{\"@type\":\"PropertyValueSpecification\",\"valueRequired\":true,\"valueName\":\"search_term_string\"}}],\"inLanguage\":\"en-GB\"},{\"@type\":\"Organization\",\"@id\":\"https:\\\/\\\/www.sohocapital.fr\\\/#organization\",\"name\":\"SOHO CAPITAL\",\"url\":\"https:\\\/\\\/www.sohocapital.fr\\\/\",\"logo\":{\"@type\":\"ImageObject\",\"inLanguage\":\"en-GB\",\"@id\":\"https:\\\/\\\/www.sohocapital.fr\\\/#\\\/schema\\\/logo\\\/image\\\/\",\"url\":\"https:\\\/\\\/www.sohocapital.fr\\\/wp-content\\\/uploads\\\/2022\\\/06\\\/logoSC.svg\",\"contentUrl\":\"https:\\\/\\\/www.sohocapital.fr\\\/wp-content\\\/uploads\\\/2022\\\/06\\\/logoSC.svg\",\"width\":717,\"height\":197,\"caption\":\"SOHO CAPITAL\"},\"image\":{\"@id\":\"https:\\\/\\\/www.sohocapital.fr\\\/#\\\/schema\\\/logo\\\/image\\\/\"}}]}<\/script>\n<!-- \/ Yoast SEO plugin. -->","yoast_head_json":{"title":"L'\u00e9quipe - SOHO CAPITAL","robots":{"index":"index","follow":"follow","max-snippet":"max-snippet:-1","max-image-preview":"max-image-preview:large","max-video-preview":"max-video-preview:-1"},"canonical":"https:\/\/www.sohocapital.fr\/en\/lequipe\/","og_locale":"en_GB","og_type":"article","og_title":"L'\u00e9quipe - SOHO CAPITAL","og_description":"Pr\u00c9sident Olivier MAURIER Fondateur du groupe SOHO CAPITAL, Olivier MAURIER b\u00e9n\u00e9ficie d\u2019une longue exp\u00e9rience des NTIC d\u00e9di\u00e9es \u00e0 la sant\u00e9 dentaire. Dans les ann\u00e9es 90, il contribue \u00e0 la naissance et au d\u00e9veloppement de l\u2019imagerie num\u00e9rique dans les cabinets dentaires chez le N\u00b01 mondial de l\u2019imagerie dentaire puis \u00e0 l\u2019informatisation des cabinets dentaires en faisant [&hellip;]","og_url":"https:\/\/www.sohocapital.fr\/en\/lequipe\/","og_site_name":"SOHO CAPITAL","article_modified_time":"2026-03-23T09:14:59+00:00","og_image":[{"width":512,"height":512,"url":"https:\/\/www.sohocapital.fr\/wp-content\/uploads\/2022\/06\/cropped-logoSC-e1691503324447.png","type":"image\/png"}],"twitter_card":"summary_large_image","twitter_misc":{"Estimated reading time":"2 minutes"},"schema":{"@context":"https:\/\/schema.org","@graph":[{"@type":"WebPage","@id":"https:\/\/www.sohocapital.fr\/lequipe\/","url":"https:\/\/www.sohocapital.fr\/lequipe\/","name":"L'\u00e9quipe - SOHO CAPITAL","isPartOf":{"@id":"https:\/\/www.sohocapital.fr\/#website"},"primaryImageOfPage":{"@id":"https:\/\/www.sohocapital.fr\/lequipe\/#primaryimage"},"image":{"@id":"https:\/\/www.sohocapital.fr\/lequipe\/#primaryimage"},"thumbnailUrl":"https:\/\/www.sohocapital.fr\/wp-content\/uploads\/2022\/06\/cropped-logoSC-e1691503324447.png","datePublished":"2022-09-08T13:49:54+00:00","dateModified":"2026-03-23T09:14:59+00:00","breadcrumb":{"@id":"https:\/\/www.sohocapital.fr\/lequipe\/#breadcrumb"},"inLanguage":"en-GB","potentialAction":[{"@type":"ReadAction","target":["https:\/\/www.sohocapital.fr\/lequipe\/"]}]},{"@type":"ImageObject","inLanguage":"en-GB","@id":"https:\/\/www.sohocapital.fr\/lequipe\/#primaryimage","url":"https:\/\/www.sohocapital.fr\/wp-content\/uploads\/2022\/06\/cropped-logoSC-e1691503324447.png","contentUrl":"https:\/\/www.sohocapital.fr\/wp-content\/uploads\/2022\/06\/cropped-logoSC-e1691503324447.png","width":512,"height":512},{"@type":"BreadcrumbList","@id":"https:\/\/www.sohocapital.fr\/lequipe\/#breadcrumb","itemListElement":[{"@type":"ListItem","position":1,"name":"Accueil","item":"https:\/\/www.sohocapital.fr\/"},{"@type":"ListItem","position":2,"name":"L&rsquo;\u00e9quipe"}]},{"@type":"WebSite","@id":"https:\/\/www.sohocapital.fr\/#website","url":"https:\/\/www.sohocapital.fr\/","name":"SOHO CAPITAL","description":"Groupe investissement entreprises dentaires num\u00e9riques logiciels software","publisher":{"@id":"https:\/\/www.sohocapital.fr\/#organization"},"potentialAction":[{"@type":"SearchAction","target":{"@type":"EntryPoint","urlTemplate":"https:\/\/www.sohocapital.fr\/?s={search_term_string}"},"query-input":{"@type":"PropertyValueSpecification","valueRequired":true,"valueName":"search_term_string"}}],"inLanguage":"en-GB"},{"@type":"Organization","@id":"https:\/\/www.sohocapital.fr\/#organization","name":"SOHO CAPITAL","url":"https:\/\/www.sohocapital.fr\/","logo":{"@type":"ImageObject","inLanguage":"en-GB","@id":"https:\/\/www.sohocapital.fr\/#\/schema\/logo\/image\/","url":"https:\/\/www.sohocapital.fr\/wp-content\/uploads\/2022\/06\/logoSC.svg","contentUrl":"https:\/\/www.sohocapital.fr\/wp-content\/uploads\/2022\/06\/logoSC.svg","width":717,"height":197,"caption":"SOHO CAPITAL"},"image":{"@id":"https:\/\/www.sohocapital.fr\/#\/schema\/logo\/image\/"}}]}},"_links":{"self":[{"href":"https:\/\/www.sohocapital.fr\/en\/wp-json\/wp\/v2\/pages\/366","targetHints":{"allow":["GET"]}}],"collection":[{"href":"https:\/\/www.sohocapital.fr\/en\/wp-json\/wp\/v2\/pages"}],"about":[{"href":"https:\/\/www.sohocapital.fr\/en\/wp-json\/wp\/v2\/types\/page"}],"author":[{"embeddable":true,"href":"https:\/\/www.sohocapital.fr\/en\/wp-json\/wp\/v2\/users\/3"}],"replies":[{"embeddable":true,"href":"https:\/\/www.sohocapital.fr\/en\/wp-json\/wp\/v2\/comments?post=366"}],"version-history":[{"count":121,"href":"https:\/\/www.sohocapital.fr\/en\/wp-json\/wp\/v2\/pages\/366\/revisions"}],"predecessor-version":[{"id":1879,"href":"https:\/\/www.sohocapital.fr\/en\/wp-json\/wp\/v2\/pages\/366\/revisions\/1879"}],"wp:featuredmedia":[{"embeddable":true,"href":"https:\/\/www.sohocapital.fr\/en\/wp-json\/wp\/v2\/media\/1550"}],"wp:attachment":[{"href":"https:\/\/www.sohocapital.fr\/en\/wp-json\/wp\/v2\/media?parent=366"}],"curies":[{"name":"wp","href":"https:\/\/api.w.org\/{rel}","templated":true}]}}