{"id":178,"date":"2022-06-24T16:41:11","date_gmt":"2022-06-24T14:41:11","guid":{"rendered":"http:\/\/www.sohocapital.fr\/?page_id=178"},"modified":"2026-03-23T10:54:45","modified_gmt":"2026-03-23T09:54:45","slug":"estomed","status":"publish","type":"page","link":"https:\/\/www.sohocapital.fr\/en\/estomed\/","title":{"rendered":"ESTOMED"},"content":{"rendered":"<div data-elementor-type=\"wp-page\" data-elementor-id=\"178\" class=\"elementor elementor-178\">\n\t\t\t\t\t\t<section class=\"elementor-section elementor-top-section elementor-element elementor-element-b9c0684 elementor-section-full_width fiche_pays elementor-section-height-default elementor-section-height-default\" data-id=\"b9c0684\" data-element_type=\"section\" data-e-type=\"section\" data-settings=\"{&quot;background_background&quot;:&quot;classic&quot;}\">\n\t\t\t\t\t\t\t<div class=\"elementor-background-overlay\"><\/div>\n\t\t\t\t\t\t\t<div class=\"elementor-container elementor-column-gap-default\">\n\t\t\t\t\t<div class=\"elementor-column elementor-col-100 elementor-top-column elementor-element elementor-element-a1e40da\" data-id=\"a1e40da\" data-element_type=\"column\" data-e-type=\"column\">\n\t\t\t<div class=\"elementor-widget-wrap elementor-element-populated\">\n\t\t\t\t\t\t<div class=\"elementor-element elementor-element-dc1c2e1 elementor-widget elementor-widget-spacer\" data-id=\"dc1c2e1\" data-element_type=\"widget\" data-e-type=\"widget\" data-widget_type=\"spacer.default\">\n\t\t\t\t<div class=\"elementor-widget-container\">\n\t\t\t\t\t\t\t<div class=\"elementor-spacer\">\n\t\t\t<div class=\"elementor-spacer-inner\"><\/div>\n\t\t<\/div>\n\t\t\t\t\t\t<\/div>\n\t\t\t\t<\/div>\n\t\t\t\t<div class=\"elementor-element elementor-element-32fee63 informations_geographiques elementor-widget__width-auto elementor-invisible elementor-widget elementor-widget-text-editor\" data-id=\"32fee63\" data-element_type=\"widget\" data-e-type=\"widget\" data-settings=\"{&quot;_animation&quot;:&quot;fadeInUp&quot;}\" data-widget_type=\"text-editor.default\">\n\t\t\t\t<div class=\"elementor-widget-container\">\n\t\t\t\t\t\t\t\t\t<p><span style=\"color: var( --e-global-color-text ); letter-spacing: 0px;\" data-wp-editing=\"1\"><img decoding=\"async\" class=\"alignnone wp-image-1028 size-full\" src=\"https:\/\/www.sohocapital.fr\/wp-content\/uploads\/2023\/05\/3-1.png\" alt=\"Polish flag ESTOMED SOHO CAPITAL\" width=\"50\" height=\"50\" \/><br \/>Population: 38.386 million inhabitants<br \/><\/span><span style=\"color: var( --e-global-color-text ); letter-spacing: 0px;\">Gross Domestic Product (GDP): 0.85 trillion euros<br \/><\/span><span style=\"color: var( --e-global-color-text ); letter-spacing: 0px; word-spacing: 0em;\">48,000 dentists<br \/>12,000 dental clinics<br \/><\/span><\/p>\t\t\t\t\t\t\t\t<\/div>\n\t\t\t\t<\/div>\n\t\t\t\t<div class=\"elementor-element elementor-element-4bef617 elementor-widget elementor-widget-spacer\" data-id=\"4bef617\" data-element_type=\"widget\" data-e-type=\"widget\" data-widget_type=\"spacer.default\">\n\t\t\t\t<div class=\"elementor-widget-container\">\n\t\t\t\t\t\t\t<div class=\"elementor-spacer\">\n\t\t\t<div class=\"elementor-spacer-inner\"><\/div>\n\t\t<\/div>\n\t\t\t\t\t\t<\/div>\n\t\t\t\t<\/div>\n\t\t\t\t<div class=\"elementor-element elementor-element-f53851f logo-societe elementor-widget elementor-widget-image\" data-id=\"f53851f\" data-element_type=\"widget\" data-e-type=\"widget\" data-widget_type=\"image.default\">\n\t\t\t\t<div class=\"elementor-widget-container\">\n\t\t\t\t\t\t\t\t\t\t\t\t\t\t\t<img fetchpriority=\"high\" decoding=\"async\" width=\"675\" height=\"226\" src=\"https:\/\/www.sohocapital.fr\/wp-content\/uploads\/2023\/06\/AF_LOGO_ESTOMED_2021-01.svg\" class=\"attachment-large size-large wp-image-1318\" alt=\"ESTOMED logo\" \/>\t\t\t\t\t\t\t\t\t\t\t\t\t\t\t<\/div>\n\t\t\t\t<\/div>\n\t\t\t\t<div class=\"elementor-element elementor-element-e4513c3 elementor-widget elementor-widget-spacer\" data-id=\"e4513c3\" data-element_type=\"widget\" data-e-type=\"widget\" data-widget_type=\"spacer.default\">\n\t\t\t\t<div class=\"elementor-widget-container\">\n\t\t\t\t\t\t\t<div class=\"elementor-spacer\">\n\t\t\t<div class=\"elementor-spacer-inner\"><\/div>\n\t\t<\/div>\n\t\t\t\t\t\t<\/div>\n\t\t\t\t<\/div>\n\t\t\t\t<section class=\"elementor-section elementor-inner-section elementor-element elementor-element-1dafedf elementor-section-boxed elementor-section-height-default elementor-section-height-default\" data-id=\"1dafedf\" data-element_type=\"section\" data-e-type=\"section\">\n\t\t\t\t\t\t<div class=\"elementor-container elementor-column-gap-default\">\n\t\t\t\t\t<div class=\"elementor-column elementor-col-50 elementor-inner-column elementor-element elementor-element-6ca469b\" data-id=\"6ca469b\" data-element_type=\"column\" data-e-type=\"column\">\n\t\t\t<div class=\"elementor-widget-wrap elementor-element-populated\">\n\t\t\t\t\t\t<div class=\"elementor-element elementor-element-0939f2a round elementor-invisible elementor-widget elementor-widget-image\" data-id=\"0939f2a\" data-element_type=\"widget\" data-e-type=\"widget\" data-settings=\"{&quot;_animation&quot;:&quot;fadeInUp&quot;}\" data-widget_type=\"image.default\">\n\t\t\t\t<div class=\"elementor-widget-container\">\n\t\t\t\t\t\t\t\t\t\t\t\t\t\t\t<img decoding=\"async\" width=\"768\" height=\"531\" src=\"https:\/\/www.sohocapital.fr\/wp-content\/uploads\/2026\/03\/Estomed-Ecran-logicielSOHO-768x531.png\" class=\"attachment-medium_large size-medium_large wp-image-1887\" alt=\"\" srcset=\"https:\/\/www.sohocapital.fr\/wp-content\/uploads\/2026\/03\/Estomed-Ecran-logicielSOHO-768x531.png 768w, https:\/\/www.sohocapital.fr\/wp-content\/uploads\/2026\/03\/Estomed-Ecran-logicielSOHO-300x207.png 300w, https:\/\/www.sohocapital.fr\/wp-content\/uploads\/2026\/03\/Estomed-Ecran-logicielSOHO-1024x707.png 1024w, https:\/\/www.sohocapital.fr\/wp-content\/uploads\/2026\/03\/Estomed-Ecran-logicielSOHO-18x12.png 18w, https:\/\/www.sohocapital.fr\/wp-content\/uploads\/2026\/03\/Estomed-Ecran-logicielSOHO.png 1449w\" sizes=\"(max-width: 768px) 100vw, 768px\" \/>\t\t\t\t\t\t\t\t\t\t\t\t\t\t\t<\/div>\n\t\t\t\t<\/div>\n\t\t\t\t\t<\/div>\n\t\t<\/div>\n\t\t\t\t<div class=\"elementor-column elementor-col-50 elementor-inner-column elementor-element elementor-element-e4ca9b2\" data-id=\"e4ca9b2\" data-element_type=\"column\" data-e-type=\"column\">\n\t\t\t<div class=\"elementor-widget-wrap elementor-element-populated\">\n\t\t\t\t\t\t<div class=\"elementor-element elementor-element-957463b resume-texte elementor-invisible elementor-widget elementor-widget-text-editor\" data-id=\"957463b\" data-element_type=\"widget\" data-e-type=\"widget\" data-settings=\"{&quot;_animation&quot;:&quot;fadeInUp&quot;}\" data-widget_type=\"text-editor.default\">\n\t\t\t\t<div class=\"elementor-widget-container\">\n\t\t\t\t\t\t\t\t\t<p>Estomed is a Polish company that has been providing dental software solutions for over 15 years.<\/p><p>Established in 2003, Estomed software has become the leader, equipping over 2,000 dental clinics.<\/p><p>Estomed prioritizes robust solutions and places a strong emphasis on customer care and service. To address the daily needs of dentists and patients, Estomed has successfully incorporated significant features into its software. These include appointment scheduling with proposed time slots, automated patient reminders, payment and invoicing modules, filing and signing of documents on dedicated tablets, development of treatment plan functionalities, and generation of several reports based on the main performance indicators.<\/p><p>The constant need for improvement and innovation, attention to detail, and the ability to anticipate and provide the right solutions in the market at the right time have made Estomed the leading software in the Polish dental market.<\/p>\t\t\t\t\t\t\t\t<\/div>\n\t\t\t\t<\/div>\n\t\t\t\t\t<\/div>\n\t\t<\/div>\n\t\t\t\t\t<\/div>\n\t\t<\/section>\n\t\t\t\t<div class=\"elementor-element elementor-element-3ec36ae elementor-widget elementor-widget-spacer\" data-id=\"3ec36ae\" data-element_type=\"widget\" data-e-type=\"widget\" data-widget_type=\"spacer.default\">\n\t\t\t\t<div class=\"elementor-widget-container\">\n\t\t\t\t\t\t\t<div class=\"elementor-spacer\">\n\t\t\t<div class=\"elementor-spacer-inner\"><\/div>\n\t\t<\/div>\n\t\t\t\t\t\t<\/div>\n\t\t\t\t<\/div>\n\t\t\t\t<div class=\"elementor-element elementor-element-f8b63f1 elementor-align-center elementor-widget elementor-widget-button\" data-id=\"f8b63f1\" data-element_type=\"widget\" data-e-type=\"widget\" data-widget_type=\"button.default\">\n\t\t\t\t<div class=\"elementor-widget-container\">\n\t\t\t\t\t\t\t\t\t<div class=\"elementor-button-wrapper\">\n\t\t\t\t\t<a class=\"elementor-button elementor-button-link elementor-size-sm\" href=\"https:\/\/estomed.pl\/\">\n\t\t\t\t\t\t<span class=\"elementor-button-content-wrapper\">\n\t\t\t\t\t\t\t\t\t<span class=\"elementor-button-text\">Learn more<\/span>\n\t\t\t\t\t<\/span>\n\t\t\t\t\t<\/a>\n\t\t\t\t<\/div>\n\t\t\t\t\t\t\t\t<\/div>\n\t\t\t\t<\/div>\n\t\t\t\t<div class=\"elementor-element elementor-element-c00ce84 elementor-widget elementor-widget-spacer\" data-id=\"c00ce84\" data-element_type=\"widget\" data-e-type=\"widget\" data-widget_type=\"spacer.default\">\n\t\t\t\t<div class=\"elementor-widget-container\">\n\t\t\t\t\t\t\t<div class=\"elementor-spacer\">\n\t\t\t<div class=\"elementor-spacer-inner\"><\/div>\n\t\t<\/div>\n\t\t\t\t\t\t<\/div>\n\t\t\t\t<\/div>\n\t\t\t\t<div class=\"elementor-element elementor-element-eb99679 elementor-invisible elementor-widget elementor-widget-image\" data-id=\"eb99679\" data-element_type=\"widget\" data-e-type=\"widget\" data-settings=\"{&quot;_animation&quot;:&quot;fadeInUp&quot;}\" data-widget_type=\"image.default\">\n\t\t\t\t<div class=\"elementor-widget-container\">\n\t\t\t\t\t\t\t\t\t\t\t\t\t\t\t<img decoding=\"async\" src=\"https:\/\/www.sohocapital.fr\/wp-content\/uploads\/elementor\/thumbs\/shutterstock_19754167102-q9xdv5ki3ang3s7vwwem9nndxind4fsb663839za88.jpg\" title=\"Dentist happy of ESTOMED\" alt=\"ESTOMED from SOHO CAPITAL\" loading=\"lazy\" \/>\t\t\t\t\t\t\t\t\t\t\t\t\t\t\t<\/div>\n\t\t\t\t<\/div>\n\t\t\t\t<div class=\"elementor-element elementor-element-fe1ec5c elementor-invisible elementor-widget elementor-widget-image\" data-id=\"fe1ec5c\" data-element_type=\"widget\" data-e-type=\"widget\" data-settings=\"{&quot;_animation&quot;:&quot;fadeInUp&quot;}\" data-widget_type=\"image.default\">\n\t\t\t\t<div class=\"elementor-widget-container\">\n\t\t\t\t\t\t\t\t\t\t\t\t\t\t\t<img decoding=\"async\" src=\"http:\/\/https:\/\/www.prothesis.fr\/wp-content\/uploads\/2019\/04\/about.jpg\" title=\"\" alt=\"\" loading=\"lazy\" \/>\t\t\t\t\t\t\t\t\t\t\t\t\t\t\t<\/div>\n\t\t\t\t<\/div>\n\t\t\t\t\t<\/div>\n\t\t<\/div>\n\t\t\t\t\t<\/div>\n\t\t<\/section>\n\t\t\t\t<\/div>","protected":false},"excerpt":{"rendered":"<p>Population : 38 386 millions d&rsquo;habitantsProduit Int\u00e9rieur Brut (PIB) : 654 643 milliards d&rsquo;euros48 000 chirurgiens-dentistes12 000 cabinets dentaires Estomed est une entreprise polonaise fournissant des solutions informatiques pour les cabinets dentaires depuis plus de 15 ans, lui donnant une place de leader sur son march\u00e9. Cr\u00e9\u00e9 en 2003, le logiciel Estomed est devenu une [&hellip;]<\/p>\n","protected":false},"author":3,"featured_media":1316,"parent":0,"menu_order":0,"comment_status":"closed","ping_status":"closed","template":"","meta":{"footnotes":""},"class_list":["post-178","page","type-page","status-publish","has-post-thumbnail","hentry"],"yoast_head":"<!-- This site is optimized with the Yoast SEO plugin v27.5 - https:\/\/yoast.com\/product\/yoast-seo-wordpress\/ -->\n<title>ESTOMED - SOHO CAPITAL<\/title>\n<meta name=\"description\" content=\"Estomed est une entreprise polonaise fournissant des solutions informatiques pour les cabinets dentaires depuis plus de 15 ans, lui donnant une place de leader sur son march\u00e9.\" \/>\n<meta name=\"robots\" content=\"index, follow, max-snippet:-1, max-image-preview:large, max-video-preview:-1\" \/>\n<link rel=\"canonical\" href=\"https:\/\/www.sohocapital.fr\/en\/estomed\/\" \/>\n<meta property=\"og:locale\" content=\"en_GB\" \/>\n<meta property=\"og:type\" content=\"article\" \/>\n<meta property=\"og:title\" content=\"ESTOMED - SOHO CAPITAL\" \/>\n<meta property=\"og:description\" content=\"Estomed est une entreprise polonaise fournissant des solutions informatiques pour les cabinets dentaires depuis plus de 15 ans, lui donnant une place de leader sur son march\u00e9.\" \/>\n<meta property=\"og:url\" content=\"https:\/\/www.sohocapital.fr\/en\/estomed\/\" \/>\n<meta property=\"og:site_name\" content=\"SOHO CAPITAL\" \/>\n<meta property=\"article:modified_time\" content=\"2026-03-23T09:54:45+00:00\" \/>\n<meta property=\"og:image\" content=\"https:\/\/www.sohocapital.fr\/wp-content\/uploads\/2023\/06\/AF_LOGO_ESTOMED_2021-Main-Version.png\" \/>\n\t<meta property=\"og:image:width\" content=\"3508\" \/>\n\t<meta property=\"og:image:height\" content=\"2481\" \/>\n\t<meta property=\"og:image:type\" content=\"image\/png\" \/>\n<meta name=\"twitter:card\" content=\"summary_large_image\" \/>\n<meta name=\"twitter:label1\" content=\"Estimated reading time\" \/>\n\t<meta name=\"twitter:data1\" content=\"2 minutes\" \/>\n<script type=\"application\/ld+json\" class=\"yoast-schema-graph\">{\"@context\":\"https:\\\/\\\/schema.org\",\"@graph\":[{\"@type\":\"WebPage\",\"@id\":\"https:\\\/\\\/www.sohocapital.fr\\\/estomed\\\/\",\"url\":\"https:\\\/\\\/www.sohocapital.fr\\\/estomed\\\/\",\"name\":\"ESTOMED - SOHO CAPITAL\",\"isPartOf\":{\"@id\":\"https:\\\/\\\/www.sohocapital.fr\\\/#website\"},\"primaryImageOfPage\":{\"@id\":\"https:\\\/\\\/www.sohocapital.fr\\\/estomed\\\/#primaryimage\"},\"image\":{\"@id\":\"https:\\\/\\\/www.sohocapital.fr\\\/estomed\\\/#primaryimage\"},\"thumbnailUrl\":\"https:\\\/\\\/www.sohocapital.fr\\\/wp-content\\\/uploads\\\/2023\\\/06\\\/AF_LOGO_ESTOMED_2021-Main-Version.png\",\"datePublished\":\"2022-06-24T14:41:11+00:00\",\"dateModified\":\"2026-03-23T09:54:45+00:00\",\"description\":\"Estomed est une entreprise polonaise fournissant des solutions informatiques pour les cabinets dentaires depuis plus de 15 ans, lui donnant une place de leader sur son march\u00e9.\",\"breadcrumb\":{\"@id\":\"https:\\\/\\\/www.sohocapital.fr\\\/estomed\\\/#breadcrumb\"},\"inLanguage\":\"en-GB\",\"potentialAction\":[{\"@type\":\"ReadAction\",\"target\":[\"https:\\\/\\\/www.sohocapital.fr\\\/estomed\\\/\"]}]},{\"@type\":\"ImageObject\",\"inLanguage\":\"en-GB\",\"@id\":\"https:\\\/\\\/www.sohocapital.fr\\\/estomed\\\/#primaryimage\",\"url\":\"https:\\\/\\\/www.sohocapital.fr\\\/wp-content\\\/uploads\\\/2023\\\/06\\\/AF_LOGO_ESTOMED_2021-Main-Version.png\",\"contentUrl\":\"https:\\\/\\\/www.sohocapital.fr\\\/wp-content\\\/uploads\\\/2023\\\/06\\\/AF_LOGO_ESTOMED_2021-Main-Version.png\",\"width\":3508,\"height\":2481},{\"@type\":\"BreadcrumbList\",\"@id\":\"https:\\\/\\\/www.sohocapital.fr\\\/estomed\\\/#breadcrumb\",\"itemListElement\":[{\"@type\":\"ListItem\",\"position\":1,\"name\":\"Accueil\",\"item\":\"https:\\\/\\\/www.sohocapital.fr\\\/\"},{\"@type\":\"ListItem\",\"position\":2,\"name\":\"ESTOMED\"}]},{\"@type\":\"WebSite\",\"@id\":\"https:\\\/\\\/www.sohocapital.fr\\\/#website\",\"url\":\"https:\\\/\\\/www.sohocapital.fr\\\/\",\"name\":\"SOHO CAPITAL\",\"description\":\"Groupe investissement entreprises dentaires num\u00e9riques logiciels software\",\"publisher\":{\"@id\":\"https:\\\/\\\/www.sohocapital.fr\\\/#organization\"},\"potentialAction\":[{\"@type\":\"SearchAction\",\"target\":{\"@type\":\"EntryPoint\",\"urlTemplate\":\"https:\\\/\\\/www.sohocapital.fr\\\/?s={search_term_string}\"},\"query-input\":{\"@type\":\"PropertyValueSpecification\",\"valueRequired\":true,\"valueName\":\"search_term_string\"}}],\"inLanguage\":\"en-GB\"},{\"@type\":\"Organization\",\"@id\":\"https:\\\/\\\/www.sohocapital.fr\\\/#organization\",\"name\":\"SOHO CAPITAL\",\"url\":\"https:\\\/\\\/www.sohocapital.fr\\\/\",\"logo\":{\"@type\":\"ImageObject\",\"inLanguage\":\"en-GB\",\"@id\":\"https:\\\/\\\/www.sohocapital.fr\\\/#\\\/schema\\\/logo\\\/image\\\/\",\"url\":\"https:\\\/\\\/www.sohocapital.fr\\\/wp-content\\\/uploads\\\/2022\\\/06\\\/logoSC.svg\",\"contentUrl\":\"https:\\\/\\\/www.sohocapital.fr\\\/wp-content\\\/uploads\\\/2022\\\/06\\\/logoSC.svg\",\"width\":717,\"height\":197,\"caption\":\"SOHO CAPITAL\"},\"image\":{\"@id\":\"https:\\\/\\\/www.sohocapital.fr\\\/#\\\/schema\\\/logo\\\/image\\\/\"}}]}<\/script>\n<!-- \/ Yoast SEO plugin. -->","yoast_head_json":{"title":"ESTOMED - SOHO CAPITAL","description":"Estomed is a Polish company that has been providing dental software solutions for over 15 years.","robots":{"index":"index","follow":"follow","max-snippet":"max-snippet:-1","max-image-preview":"max-image-preview:large","max-video-preview":"max-video-preview:-1"},"canonical":"https:\/\/www.sohocapital.fr\/en\/estomed\/","og_locale":"en_GB","og_type":"article","og_title":"ESTOMED - SOHO CAPITAL","og_description":"Estomed est une entreprise polonaise fournissant des solutions informatiques pour les cabinets dentaires depuis plus de 15 ans, lui donnant une place de leader sur son march\u00e9.","og_url":"https:\/\/www.sohocapital.fr\/en\/estomed\/","og_site_name":"SOHO CAPITAL","article_modified_time":"2026-03-23T09:54:45+00:00","og_image":[{"width":3508,"height":2481,"url":"https:\/\/www.sohocapital.fr\/wp-content\/uploads\/2023\/06\/AF_LOGO_ESTOMED_2021-Main-Version.png","type":"image\/png"}],"twitter_card":"summary_large_image","twitter_misc":{"Estimated reading time":"2 minutes"},"schema":{"@context":"https:\/\/schema.org","@graph":[{"@type":"WebPage","@id":"https:\/\/www.sohocapital.fr\/estomed\/","url":"https:\/\/www.sohocapital.fr\/estomed\/","name":"ESTOMED - SOHO CAPITAL","isPartOf":{"@id":"https:\/\/www.sohocapital.fr\/#website"},"primaryImageOfPage":{"@id":"https:\/\/www.sohocapital.fr\/estomed\/#primaryimage"},"image":{"@id":"https:\/\/www.sohocapital.fr\/estomed\/#primaryimage"},"thumbnailUrl":"https:\/\/www.sohocapital.fr\/wp-content\/uploads\/2023\/06\/AF_LOGO_ESTOMED_2021-Main-Version.png","datePublished":"2022-06-24T14:41:11+00:00","dateModified":"2026-03-23T09:54:45+00:00","description":"Estomed is a Polish company that has been providing dental software solutions for over 15 years.","breadcrumb":{"@id":"https:\/\/www.sohocapital.fr\/estomed\/#breadcrumb"},"inLanguage":"en-GB","potentialAction":[{"@type":"ReadAction","target":["https:\/\/www.sohocapital.fr\/estomed\/"]}]},{"@type":"ImageObject","inLanguage":"en-GB","@id":"https:\/\/www.sohocapital.fr\/estomed\/#primaryimage","url":"https:\/\/www.sohocapital.fr\/wp-content\/uploads\/2023\/06\/AF_LOGO_ESTOMED_2021-Main-Version.png","contentUrl":"https:\/\/www.sohocapital.fr\/wp-content\/uploads\/2023\/06\/AF_LOGO_ESTOMED_2021-Main-Version.png","width":3508,"height":2481},{"@type":"BreadcrumbList","@id":"https:\/\/www.sohocapital.fr\/estomed\/#breadcrumb","itemListElement":[{"@type":"ListItem","position":1,"name":"Accueil","item":"https:\/\/www.sohocapital.fr\/"},{"@type":"ListItem","position":2,"name":"ESTOMED"}]},{"@type":"WebSite","@id":"https:\/\/www.sohocapital.fr\/#website","url":"https:\/\/www.sohocapital.fr\/","name":"SOHO CAPITAL","description":"Groupe investissement entreprises dentaires num\u00e9riques logiciels software","publisher":{"@id":"https:\/\/www.sohocapital.fr\/#organization"},"potentialAction":[{"@type":"SearchAction","target":{"@type":"EntryPoint","urlTemplate":"https:\/\/www.sohocapital.fr\/?s={search_term_string}"},"query-input":{"@type":"PropertyValueSpecification","valueRequired":true,"valueName":"search_term_string"}}],"inLanguage":"en-GB"},{"@type":"Organization","@id":"https:\/\/www.sohocapital.fr\/#organization","name":"SOHO CAPITAL","url":"https:\/\/www.sohocapital.fr\/","logo":{"@type":"ImageObject","inLanguage":"en-GB","@id":"https:\/\/www.sohocapital.fr\/#\/schema\/logo\/image\/","url":"https:\/\/www.sohocapital.fr\/wp-content\/uploads\/2022\/06\/logoSC.svg","contentUrl":"https:\/\/www.sohocapital.fr\/wp-content\/uploads\/2022\/06\/logoSC.svg","width":717,"height":197,"caption":"SOHO CAPITAL"},"image":{"@id":"https:\/\/www.sohocapital.fr\/#\/schema\/logo\/image\/"}}]}},"_links":{"self":[{"href":"https:\/\/www.sohocapital.fr\/en\/wp-json\/wp\/v2\/pages\/178","targetHints":{"allow":["GET"]}}],"collection":[{"href":"https:\/\/www.sohocapital.fr\/en\/wp-json\/wp\/v2\/pages"}],"about":[{"href":"https:\/\/www.sohocapital.fr\/en\/wp-json\/wp\/v2\/types\/page"}],"author":[{"embeddable":true,"href":"https:\/\/www.sohocapital.fr\/en\/wp-json\/wp\/v2\/users\/3"}],"replies":[{"embeddable":true,"href":"https:\/\/www.sohocapital.fr\/en\/wp-json\/wp\/v2\/comments?post=178"}],"version-history":[{"count":150,"href":"https:\/\/www.sohocapital.fr\/en\/wp-json\/wp\/v2\/pages\/178\/revisions"}],"predecessor-version":[{"id":1893,"href":"https:\/\/www.sohocapital.fr\/en\/wp-json\/wp\/v2\/pages\/178\/revisions\/1893"}],"wp:featuredmedia":[{"embeddable":true,"href":"https:\/\/www.sohocapital.fr\/en\/wp-json\/wp\/v2\/media\/1316"}],"wp:attachment":[{"href":"https:\/\/www.sohocapital.fr\/en\/wp-json\/wp\/v2\/media?parent=178"}],"curies":[{"name":"wp","href":"https:\/\/api.w.org\/{rel}","templated":true}]}}