{"id":1771,"date":"2025-05-20T16:18:35","date_gmt":"2025-05-20T14:18:35","guid":{"rendered":"https:\/\/www.sohocapital.fr\/?page_id=1771"},"modified":"2026-03-23T16:22:53","modified_gmt":"2026-03-23T15:22:53","slug":"dan","status":"publish","type":"page","link":"https:\/\/www.sohocapital.fr\/en\/dan\/","title":{"rendered":"DENTAL AUDIO NOTES"},"content":{"rendered":"<div data-elementor-type=\"wp-page\" data-elementor-id=\"1771\" class=\"elementor elementor-1771\">\n\t\t\t\t\t\t<section class=\"elementor-section elementor-top-section elementor-element elementor-element-b9c0684 elementor-section-full_width fiche_pays elementor-section-height-default elementor-section-height-default\" data-id=\"b9c0684\" data-element_type=\"section\" data-e-type=\"section\" data-settings=\"{&quot;background_background&quot;:&quot;classic&quot;}\">\n\t\t\t\t\t\t\t<div class=\"elementor-background-overlay\"><\/div>\n\t\t\t\t\t\t\t<div class=\"elementor-container elementor-column-gap-default\">\n\t\t\t\t\t<div class=\"elementor-column elementor-col-100 elementor-top-column elementor-element elementor-element-a1e40da\" data-id=\"a1e40da\" data-element_type=\"column\" data-e-type=\"column\">\n\t\t\t<div class=\"elementor-widget-wrap elementor-element-populated\">\n\t\t\t\t\t\t<div class=\"elementor-element elementor-element-930e8ba elementor-widget elementor-widget-spacer\" data-id=\"930e8ba\" data-element_type=\"widget\" data-e-type=\"widget\" data-widget_type=\"spacer.default\">\n\t\t\t\t<div class=\"elementor-widget-container\">\n\t\t\t\t\t\t\t<div class=\"elementor-spacer\">\n\t\t\t<div class=\"elementor-spacer-inner\"><\/div>\n\t\t<\/div>\n\t\t\t\t\t\t<\/div>\n\t\t\t\t<\/div>\n\t\t\t\t<div class=\"elementor-element elementor-element-957463b elementor-widget__width-initial informations_geographiques elementor-widget elementor-widget-text-editor\" data-id=\"957463b\" data-element_type=\"widget\" data-e-type=\"widget\" data-settings=\"{&quot;_animation&quot;:&quot;none&quot;}\" data-widget_type=\"text-editor.default\">\n\t\t\t\t<div class=\"elementor-widget-container\">\n\t\t\t\t\t\t\t\t\t<p><img decoding=\"async\" class=\"alignnone wp-image-1029 size-full\" src=\"https:\/\/www.sohocapital.fr\/wp-content\/uploads\/2023\/05\/4-1.png\" alt=\"British United Kingdom flag AERONA DENTAL SOHO CAPITAL\" width=\"50\" height=\"50\" \/><br \/><span style=\"text-transform: var( --e-global-typography-text-text-transform ); letter-spacing: 0px; font-weight: bolder; font-style: var( --e-global-typography-text-font-style ); font-size: var( --e-global-typography-text-font-size ); font-family: var( --e-global-typography-text-font-family ), Sans-serif; color: var( --e-global-color-text );\">Population: 68.914 million inhabitants<br \/><\/span><span style=\"text-transform: var( --e-global-typography-text-text-transform ); letter-spacing: 0px; font-weight: bolder; font-style: var( --e-global-typography-text-font-style ); font-size: var( --e-global-typography-text-font-size ); font-family: var( --e-global-typography-text-font-family ), Sans-serif; color: var( --e-global-color-text );\">Gross Domestic Product (GDP): 2.9 trillion euros<br \/><\/span><span style=\"color: var( --e-global-color-text ); font-family: var( --e-global-typography-text-font-family ), Sans-serif; font-size: var( --e-global-typography-text-font-size ); font-style: var( --e-global-typography-text-font-style ); font-weight: bolder; letter-spacing: var( --e-global-typography-text-letter-spacing ); text-transform: var( --e-global-typography-text-text-transform );\">45,000 dentists<br \/><\/span><span style=\"color: var( --e-global-color-text ); font-family: var( --e-global-typography-text-font-family ), Sans-serif; font-size: var( --e-global-typography-text-font-size ); font-style: var( --e-global-typography-text-font-style ); font-weight: bolder; letter-spacing: var( --e-global-typography-text-letter-spacing ); text-transform: var( --e-global-typography-text-text-transform );\">8,670 dental clinics<\/span><\/p>\t\t\t\t\t\t\t\t<\/div>\n\t\t\t\t<\/div>\n\t\t\t\t<div class=\"elementor-element elementor-element-c98be06 elementor-widget elementor-widget-spacer\" data-id=\"c98be06\" data-element_type=\"widget\" data-e-type=\"widget\" data-widget_type=\"spacer.default\">\n\t\t\t\t<div class=\"elementor-widget-container\">\n\t\t\t\t\t\t\t<div class=\"elementor-spacer\">\n\t\t\t<div class=\"elementor-spacer-inner\"><\/div>\n\t\t<\/div>\n\t\t\t\t\t\t<\/div>\n\t\t\t\t<\/div>\n\t\t\t\t<div class=\"elementor-element elementor-element-f53851f logo-societe elementor-widget elementor-widget-image\" data-id=\"f53851f\" data-element_type=\"widget\" data-e-type=\"widget\" data-widget_type=\"image.default\">\n\t\t\t\t<div class=\"elementor-widget-container\">\n\t\t\t\t\t\t\t\t\t\t\t\t\t\t\t<img fetchpriority=\"high\" decoding=\"async\" width=\"1450\" height=\"150\" src=\"https:\/\/www.sohocapital.fr\/wp-content\/uploads\/2025\/05\/DAN.png\" class=\"attachment-full size-full wp-image-1773\" alt=\"\" srcset=\"https:\/\/www.sohocapital.fr\/wp-content\/uploads\/2025\/05\/DAN.png 1450w, https:\/\/www.sohocapital.fr\/wp-content\/uploads\/2025\/05\/DAN-300x31.png 300w, https:\/\/www.sohocapital.fr\/wp-content\/uploads\/2025\/05\/DAN-1024x106.png 1024w, https:\/\/www.sohocapital.fr\/wp-content\/uploads\/2025\/05\/DAN-768x79.png 768w, https:\/\/www.sohocapital.fr\/wp-content\/uploads\/2025\/05\/DAN-18x2.png 18w\" sizes=\"(max-width: 1450px) 100vw, 1450px\" \/>\t\t\t\t\t\t\t\t\t\t\t\t\t\t\t<\/div>\n\t\t\t\t<\/div>\n\t\t\t\t<div class=\"elementor-element elementor-element-e4513c3 elementor-widget elementor-widget-spacer\" data-id=\"e4513c3\" data-element_type=\"widget\" data-e-type=\"widget\" data-widget_type=\"spacer.default\">\n\t\t\t\t<div class=\"elementor-widget-container\">\n\t\t\t\t\t\t\t<div class=\"elementor-spacer\">\n\t\t\t<div class=\"elementor-spacer-inner\"><\/div>\n\t\t<\/div>\n\t\t\t\t\t\t<\/div>\n\t\t\t\t<\/div>\n\t\t\t\t<section class=\"elementor-section elementor-inner-section elementor-element elementor-element-1dafedf elementor-section-boxed elementor-section-height-default elementor-section-height-default\" data-id=\"1dafedf\" data-element_type=\"section\" data-e-type=\"section\">\n\t\t\t\t\t\t<div class=\"elementor-container elementor-column-gap-default\">\n\t\t\t\t\t<div class=\"elementor-column elementor-col-50 elementor-inner-column elementor-element elementor-element-6ca469b\" data-id=\"6ca469b\" data-element_type=\"column\" data-e-type=\"column\">\n\t\t\t<div class=\"elementor-widget-wrap elementor-element-populated\">\n\t\t\t\t\t\t<div class=\"elementor-element elementor-element-0939f2a round elementor-invisible elementor-widget elementor-widget-image\" data-id=\"0939f2a\" data-element_type=\"widget\" data-e-type=\"widget\" data-settings=\"{&quot;_animation&quot;:&quot;fadeInUp&quot;}\" data-widget_type=\"image.default\">\n\t\t\t\t<div class=\"elementor-widget-container\">\n\t\t\t\t\t\t\t\t\t\t\t\t\t\t\t<img decoding=\"async\" width=\"2048\" height=\"1434\" src=\"https:\/\/www.sohocapital.fr\/wp-content\/uploads\/2025\/06\/DAN-Dental-Audio-7.png\" class=\"attachment-2048x2048 size-2048x2048 wp-image-1814\" alt=\"\" srcset=\"https:\/\/www.sohocapital.fr\/wp-content\/uploads\/2025\/06\/DAN-Dental-Audio-7.png 2048w, https:\/\/www.sohocapital.fr\/wp-content\/uploads\/2025\/06\/DAN-Dental-Audio-7-300x210.png 300w, https:\/\/www.sohocapital.fr\/wp-content\/uploads\/2025\/06\/DAN-Dental-Audio-7-1024x717.png 1024w, https:\/\/www.sohocapital.fr\/wp-content\/uploads\/2025\/06\/DAN-Dental-Audio-7-768x538.png 768w, https:\/\/www.sohocapital.fr\/wp-content\/uploads\/2025\/06\/DAN-Dental-Audio-7-1536x1076.png 1536w, https:\/\/www.sohocapital.fr\/wp-content\/uploads\/2025\/06\/DAN-Dental-Audio-7-18x12.png 18w\" sizes=\"(max-width: 2048px) 100vw, 2048px\" \/>\t\t\t\t\t\t\t\t\t\t\t\t\t\t\t<\/div>\n\t\t\t\t<\/div>\n\t\t\t\t\t<\/div>\n\t\t<\/div>\n\t\t\t\t<div class=\"elementor-column elementor-col-50 elementor-inner-column elementor-element elementor-element-e4ca9b2\" data-id=\"e4ca9b2\" data-element_type=\"column\" data-e-type=\"column\">\n\t\t\t<div class=\"elementor-widget-wrap elementor-element-populated\">\n\t\t\t\t\t\t<div class=\"elementor-element elementor-element-fe2d46a resume-texte elementor-invisible elementor-widget elementor-widget-text-editor\" data-id=\"fe2d46a\" data-element_type=\"widget\" data-e-type=\"widget\" data-settings=\"{&quot;_animation&quot;:&quot;fadeInUp&quot;}\" data-widget_type=\"text-editor.default\">\n\t\t\t\t<div class=\"elementor-widget-container\">\n\t\t\t\t\t\t\t\t\t<p>DENTAL AUDIO NOTES is a young British company, born from the meeting of a dentist and an engineer who combined their skills, talents, and imagination to develop an AI-powered consultation assistant software application specifically designed for dental surgeons, dental clinics, and oral health centers.<\/p><p>The DAN application required several years of development and leverages the latest artificial intelligence technologies.<\/p><p>Thanks to secure, regulation-compliant audio recordings, DAN AI enables the automation of note-taking during consultations and their transcription into structured and organized text.<\/p><p>The AI assistant supports efficient administrative management of patient records, medico-legal documentation, and the implementation of predictive and preventive dentistry.<\/p><p>By facilitating communication and interaction with patients, DAN AI supports the consent process, the acceptance of proposed treatments, and continuity of care \u2014 making the patient an active participant in their oral health.<\/p><p>By reducing administrative workload, DAN AI provides time savings, improved working comfort, and fosters both patient communication and collaboration among healthcare professionals.<\/p><p>As a disruptive application for dental practices, DAN AI opens up a new range of innovative opportunities, contributing to the digital dental health ecosystem.<\/p>\t\t\t\t\t\t\t\t<\/div>\n\t\t\t\t<\/div>\n\t\t\t\t\t<\/div>\n\t\t<\/div>\n\t\t\t\t\t<\/div>\n\t\t<\/section>\n\t\t\t\t<div class=\"elementor-element elementor-element-3ec36ae elementor-widget elementor-widget-spacer\" data-id=\"3ec36ae\" data-element_type=\"widget\" data-e-type=\"widget\" data-widget_type=\"spacer.default\">\n\t\t\t\t<div class=\"elementor-widget-container\">\n\t\t\t\t\t\t\t<div class=\"elementor-spacer\">\n\t\t\t<div class=\"elementor-spacer-inner\"><\/div>\n\t\t<\/div>\n\t\t\t\t\t\t<\/div>\n\t\t\t\t<\/div>\n\t\t\t\t<div class=\"elementor-element elementor-element-f8b63f1 elementor-align-center elementor-widget elementor-widget-button\" data-id=\"f8b63f1\" data-element_type=\"widget\" data-e-type=\"widget\" data-widget_type=\"button.default\">\n\t\t\t\t<div class=\"elementor-widget-container\">\n\t\t\t\t\t\t\t\t\t<div class=\"elementor-button-wrapper\">\n\t\t\t\t\t<a class=\"elementor-button elementor-button-link elementor-size-sm\" href=\"https:\/\/dentalaudionotes.fr\/\">\n\t\t\t\t\t\t<span class=\"elementor-button-content-wrapper\">\n\t\t\t\t\t\t\t\t\t<span class=\"elementor-button-text\">Learn more<\/span>\n\t\t\t\t\t<\/span>\n\t\t\t\t\t<\/a>\n\t\t\t\t<\/div>\n\t\t\t\t\t\t\t\t<\/div>\n\t\t\t\t<\/div>\n\t\t\t\t<div class=\"elementor-element elementor-element-0dc7756 elementor-widget elementor-widget-spacer\" data-id=\"0dc7756\" data-element_type=\"widget\" data-e-type=\"widget\" data-widget_type=\"spacer.default\">\n\t\t\t\t<div class=\"elementor-widget-container\">\n\t\t\t\t\t\t\t<div class=\"elementor-spacer\">\n\t\t\t<div class=\"elementor-spacer-inner\"><\/div>\n\t\t<\/div>\n\t\t\t\t\t\t<\/div>\n\t\t\t\t<\/div>\n\t\t\t\t<div class=\"elementor-element elementor-element-eb99679 elementor-invisible elementor-widget elementor-widget-image\" data-id=\"eb99679\" data-element_type=\"widget\" data-e-type=\"widget\" data-settings=\"{&quot;_animation&quot;:&quot;fadeInUp&quot;}\" data-widget_type=\"image.default\">\n\t\t\t\t<div class=\"elementor-widget-container\">\n\t\t\t\t\t\t\t\t\t\t\t\t\t\t\t<img loading=\"lazy\" decoding=\"async\" width=\"2048\" height=\"569\" src=\"https:\/\/www.sohocapital.fr\/wp-content\/uploads\/2025\/06\/Soho-Capital-DAN-2048x569.jpg\" class=\"attachment-2048x2048 size-2048x2048 wp-image-1802\" alt=\"\" srcset=\"https:\/\/www.sohocapital.fr\/wp-content\/uploads\/2025\/06\/Soho-Capital-DAN-2048x569.jpg 2048w, https:\/\/www.sohocapital.fr\/wp-content\/uploads\/2025\/06\/Soho-Capital-DAN-300x83.jpg 300w, https:\/\/www.sohocapital.fr\/wp-content\/uploads\/2025\/06\/Soho-Capital-DAN-1024x284.jpg 1024w, https:\/\/www.sohocapital.fr\/wp-content\/uploads\/2025\/06\/Soho-Capital-DAN-768x213.jpg 768w, https:\/\/www.sohocapital.fr\/wp-content\/uploads\/2025\/06\/Soho-Capital-DAN-1536x427.jpg 1536w, https:\/\/www.sohocapital.fr\/wp-content\/uploads\/2025\/06\/Soho-Capital-DAN-18x5.jpg 18w\" sizes=\"(max-width: 2048px) 100vw, 2048px\" \/>\t\t\t\t\t\t\t\t\t\t\t\t\t\t\t<\/div>\n\t\t\t\t<\/div>\n\t\t\t\t<div class=\"elementor-element elementor-element-fe1ec5c elementor-invisible elementor-widget elementor-widget-image\" data-id=\"fe1ec5c\" data-element_type=\"widget\" data-e-type=\"widget\" data-settings=\"{&quot;_animation&quot;:&quot;fadeInUp&quot;}\" data-widget_type=\"image.default\">\n\t\t\t\t<div class=\"elementor-widget-container\">\n\t\t\t\t\t\t\t\t\t\t\t\t\t\t\t<img decoding=\"async\" src=\"http:\/\/https:\/\/www.prothesis.fr\/wp-content\/uploads\/2019\/04\/about.jpg\" title=\"\" alt=\"\" loading=\"lazy\" \/>\t\t\t\t\t\t\t\t\t\t\t\t\t\t\t<\/div>\n\t\t\t\t<\/div>\n\t\t\t\t\t<\/div>\n\t\t<\/div>\n\t\t\t\t\t<\/div>\n\t\t<\/section>\n\t\t\t\t<\/div>","protected":false},"excerpt":{"rendered":"<p>Population : \u00a068 914\u00a0millions d\u2019habitantsProduit Int\u00e9rieur Brut (PIB) : 2 913 623 milliards d\u2019euros45 000 chirurgiens-dentistes8 670 cabinets dentaires DENTAL AUDIO NOTES est une jeune soci\u00e9t\u00e9 anglaise, fruit de la rencontre d\u2019une dentiste et d\u2019un ing\u00e9nieur qui ont mis en commun leurs comp\u00e9tences, talents et imagination pour d\u00e9velopper une application logicielle d\u2019assistant de consultation fond\u00e9e [&hellip;]<\/p>\n","protected":false},"author":7,"featured_media":1773,"parent":0,"menu_order":0,"comment_status":"closed","ping_status":"closed","template":"","meta":{"footnotes":""},"class_list":["post-1771","page","type-page","status-publish","has-post-thumbnail","hentry"],"yoast_head":"<!-- This site is optimized with the Yoast SEO plugin v27.5 - https:\/\/yoast.com\/product\/yoast-seo-wordpress\/ -->\n<title>Dental Audio Notes \u2013 IA au service des professionnels dentaires<\/title>\n<meta name=\"description\" content=\"Dental Audio Notes, la solution IA pour les chirurgiens-dentistes. Simplifiez la gestion des dossiers patients et am\u00e9liorez les soins.\" \/>\n<meta name=\"robots\" content=\"index, follow, max-snippet:-1, max-image-preview:large, max-video-preview:-1\" \/>\n<link rel=\"canonical\" href=\"https:\/\/www.sohocapital.fr\/en\/dan\/\" \/>\n<meta property=\"og:locale\" content=\"en_GB\" \/>\n<meta property=\"og:type\" content=\"article\" \/>\n<meta property=\"og:title\" content=\"Dental Audio Notes \u2013 IA au service des professionnels dentaires\" \/>\n<meta property=\"og:description\" content=\"Dental Audio Notes, la solution IA pour les chirurgiens-dentistes. Simplifiez la gestion des dossiers patients et am\u00e9liorez les soins.\" \/>\n<meta property=\"og:url\" content=\"https:\/\/www.sohocapital.fr\/en\/dan\/\" \/>\n<meta property=\"og:site_name\" content=\"SOHO CAPITAL\" \/>\n<meta property=\"article:modified_time\" content=\"2026-03-23T15:22:53+00:00\" \/>\n<meta property=\"og:image\" content=\"https:\/\/www.sohocapital.fr\/wp-content\/uploads\/2025\/05\/DAN.png\" \/>\n\t<meta property=\"og:image:width\" content=\"1450\" \/>\n\t<meta property=\"og:image:height\" content=\"150\" \/>\n\t<meta property=\"og:image:type\" content=\"image\/png\" \/>\n<meta name=\"twitter:card\" content=\"summary_large_image\" \/>\n<meta name=\"twitter:label1\" content=\"Estimated reading time\" \/>\n\t<meta name=\"twitter:data1\" content=\"3 minutes\" \/>\n<script type=\"application\/ld+json\" class=\"yoast-schema-graph\">{\"@context\":\"https:\\\/\\\/schema.org\",\"@graph\":[{\"@type\":\"WebPage\",\"@id\":\"https:\\\/\\\/www.sohocapital.fr\\\/dan\\\/\",\"url\":\"https:\\\/\\\/www.sohocapital.fr\\\/dan\\\/\",\"name\":\"Dental Audio Notes \u2013 IA au service des professionnels dentaires\",\"isPartOf\":{\"@id\":\"https:\\\/\\\/www.sohocapital.fr\\\/#website\"},\"primaryImageOfPage\":{\"@id\":\"https:\\\/\\\/www.sohocapital.fr\\\/dan\\\/#primaryimage\"},\"image\":{\"@id\":\"https:\\\/\\\/www.sohocapital.fr\\\/dan\\\/#primaryimage\"},\"thumbnailUrl\":\"https:\\\/\\\/www.sohocapital.fr\\\/wp-content\\\/uploads\\\/2025\\\/05\\\/DAN.png\",\"datePublished\":\"2025-05-20T14:18:35+00:00\",\"dateModified\":\"2026-03-23T15:22:53+00:00\",\"description\":\"Dental Audio Notes, la solution IA pour les chirurgiens-dentistes. Simplifiez la gestion des dossiers patients et am\u00e9liorez les soins.\",\"breadcrumb\":{\"@id\":\"https:\\\/\\\/www.sohocapital.fr\\\/dan\\\/#breadcrumb\"},\"inLanguage\":\"en-GB\",\"potentialAction\":[{\"@type\":\"ReadAction\",\"target\":[\"https:\\\/\\\/www.sohocapital.fr\\\/dan\\\/\"]}]},{\"@type\":\"ImageObject\",\"inLanguage\":\"en-GB\",\"@id\":\"https:\\\/\\\/www.sohocapital.fr\\\/dan\\\/#primaryimage\",\"url\":\"https:\\\/\\\/www.sohocapital.fr\\\/wp-content\\\/uploads\\\/2025\\\/05\\\/DAN.png\",\"contentUrl\":\"https:\\\/\\\/www.sohocapital.fr\\\/wp-content\\\/uploads\\\/2025\\\/05\\\/DAN.png\",\"width\":1450,\"height\":150},{\"@type\":\"BreadcrumbList\",\"@id\":\"https:\\\/\\\/www.sohocapital.fr\\\/dan\\\/#breadcrumb\",\"itemListElement\":[{\"@type\":\"ListItem\",\"position\":1,\"name\":\"Accueil\",\"item\":\"https:\\\/\\\/www.sohocapital.fr\\\/\"},{\"@type\":\"ListItem\",\"position\":2,\"name\":\"DENTAL AUDIO NOTES\"}]},{\"@type\":\"WebSite\",\"@id\":\"https:\\\/\\\/www.sohocapital.fr\\\/#website\",\"url\":\"https:\\\/\\\/www.sohocapital.fr\\\/\",\"name\":\"SOHO CAPITAL\",\"description\":\"Groupe investissement entreprises dentaires num\u00e9riques logiciels software\",\"publisher\":{\"@id\":\"https:\\\/\\\/www.sohocapital.fr\\\/#organization\"},\"potentialAction\":[{\"@type\":\"SearchAction\",\"target\":{\"@type\":\"EntryPoint\",\"urlTemplate\":\"https:\\\/\\\/www.sohocapital.fr\\\/?s={search_term_string}\"},\"query-input\":{\"@type\":\"PropertyValueSpecification\",\"valueRequired\":true,\"valueName\":\"search_term_string\"}}],\"inLanguage\":\"en-GB\"},{\"@type\":\"Organization\",\"@id\":\"https:\\\/\\\/www.sohocapital.fr\\\/#organization\",\"name\":\"SOHO CAPITAL\",\"url\":\"https:\\\/\\\/www.sohocapital.fr\\\/\",\"logo\":{\"@type\":\"ImageObject\",\"inLanguage\":\"en-GB\",\"@id\":\"https:\\\/\\\/www.sohocapital.fr\\\/#\\\/schema\\\/logo\\\/image\\\/\",\"url\":\"https:\\\/\\\/www.sohocapital.fr\\\/wp-content\\\/uploads\\\/2022\\\/06\\\/logoSC.svg\",\"contentUrl\":\"https:\\\/\\\/www.sohocapital.fr\\\/wp-content\\\/uploads\\\/2022\\\/06\\\/logoSC.svg\",\"width\":717,\"height\":197,\"caption\":\"SOHO CAPITAL\"},\"image\":{\"@id\":\"https:\\\/\\\/www.sohocapital.fr\\\/#\\\/schema\\\/logo\\\/image\\\/\"}}]}<\/script>\n<!-- \/ Yoast SEO plugin. -->","yoast_head_json":{"title":"Dental Audio Notes \u2013 IA au service des professionnels dentaires","description":"Dental Audio Notes, la solution IA pour les chirurgiens-dentistes. Simplifiez la gestion des dossiers patients et am\u00e9liorez les soins.","robots":{"index":"index","follow":"follow","max-snippet":"max-snippet:-1","max-image-preview":"max-image-preview:large","max-video-preview":"max-video-preview:-1"},"canonical":"https:\/\/www.sohocapital.fr\/en\/dan\/","og_locale":"en_GB","og_type":"article","og_title":"Dental Audio Notes \u2013 IA au service des professionnels dentaires","og_description":"Dental Audio Notes, la solution IA pour les chirurgiens-dentistes. Simplifiez la gestion des dossiers patients et am\u00e9liorez les soins.","og_url":"https:\/\/www.sohocapital.fr\/en\/dan\/","og_site_name":"SOHO CAPITAL","article_modified_time":"2026-03-23T15:22:53+00:00","og_image":[{"width":1450,"height":150,"url":"https:\/\/www.sohocapital.fr\/wp-content\/uploads\/2025\/05\/DAN.png","type":"image\/png"}],"twitter_card":"summary_large_image","twitter_misc":{"Estimated reading time":"3 minutes"},"schema":{"@context":"https:\/\/schema.org","@graph":[{"@type":"WebPage","@id":"https:\/\/www.sohocapital.fr\/dan\/","url":"https:\/\/www.sohocapital.fr\/dan\/","name":"Dental Audio Notes \u2013 IA au service des professionnels dentaires","isPartOf":{"@id":"https:\/\/www.sohocapital.fr\/#website"},"primaryImageOfPage":{"@id":"https:\/\/www.sohocapital.fr\/dan\/#primaryimage"},"image":{"@id":"https:\/\/www.sohocapital.fr\/dan\/#primaryimage"},"thumbnailUrl":"https:\/\/www.sohocapital.fr\/wp-content\/uploads\/2025\/05\/DAN.png","datePublished":"2025-05-20T14:18:35+00:00","dateModified":"2026-03-23T15:22:53+00:00","description":"Dental Audio Notes, la solution IA pour les chirurgiens-dentistes. Simplifiez la gestion des dossiers patients et am\u00e9liorez les soins.","breadcrumb":{"@id":"https:\/\/www.sohocapital.fr\/dan\/#breadcrumb"},"inLanguage":"en-GB","potentialAction":[{"@type":"ReadAction","target":["https:\/\/www.sohocapital.fr\/dan\/"]}]},{"@type":"ImageObject","inLanguage":"en-GB","@id":"https:\/\/www.sohocapital.fr\/dan\/#primaryimage","url":"https:\/\/www.sohocapital.fr\/wp-content\/uploads\/2025\/05\/DAN.png","contentUrl":"https:\/\/www.sohocapital.fr\/wp-content\/uploads\/2025\/05\/DAN.png","width":1450,"height":150},{"@type":"BreadcrumbList","@id":"https:\/\/www.sohocapital.fr\/dan\/#breadcrumb","itemListElement":[{"@type":"ListItem","position":1,"name":"Accueil","item":"https:\/\/www.sohocapital.fr\/"},{"@type":"ListItem","position":2,"name":"DENTAL AUDIO NOTES"}]},{"@type":"WebSite","@id":"https:\/\/www.sohocapital.fr\/#website","url":"https:\/\/www.sohocapital.fr\/","name":"SOHO CAPITAL","description":"Groupe investissement entreprises dentaires num\u00e9riques logiciels software","publisher":{"@id":"https:\/\/www.sohocapital.fr\/#organization"},"potentialAction":[{"@type":"SearchAction","target":{"@type":"EntryPoint","urlTemplate":"https:\/\/www.sohocapital.fr\/?s={search_term_string}"},"query-input":{"@type":"PropertyValueSpecification","valueRequired":true,"valueName":"search_term_string"}}],"inLanguage":"en-GB"},{"@type":"Organization","@id":"https:\/\/www.sohocapital.fr\/#organization","name":"SOHO CAPITAL","url":"https:\/\/www.sohocapital.fr\/","logo":{"@type":"ImageObject","inLanguage":"en-GB","@id":"https:\/\/www.sohocapital.fr\/#\/schema\/logo\/image\/","url":"https:\/\/www.sohocapital.fr\/wp-content\/uploads\/2022\/06\/logoSC.svg","contentUrl":"https:\/\/www.sohocapital.fr\/wp-content\/uploads\/2022\/06\/logoSC.svg","width":717,"height":197,"caption":"SOHO CAPITAL"},"image":{"@id":"https:\/\/www.sohocapital.fr\/#\/schema\/logo\/image\/"}}]}},"_links":{"self":[{"href":"https:\/\/www.sohocapital.fr\/en\/wp-json\/wp\/v2\/pages\/1771","targetHints":{"allow":["GET"]}}],"collection":[{"href":"https:\/\/www.sohocapital.fr\/en\/wp-json\/wp\/v2\/pages"}],"about":[{"href":"https:\/\/www.sohocapital.fr\/en\/wp-json\/wp\/v2\/types\/page"}],"author":[{"embeddable":true,"href":"https:\/\/www.sohocapital.fr\/en\/wp-json\/wp\/v2\/users\/7"}],"replies":[{"embeddable":true,"href":"https:\/\/www.sohocapital.fr\/en\/wp-json\/wp\/v2\/comments?post=1771"}],"version-history":[{"count":36,"href":"https:\/\/www.sohocapital.fr\/en\/wp-json\/wp\/v2\/pages\/1771\/revisions"}],"predecessor-version":[{"id":1897,"href":"https:\/\/www.sohocapital.fr\/en\/wp-json\/wp\/v2\/pages\/1771\/revisions\/1897"}],"wp:featuredmedia":[{"embeddable":true,"href":"https:\/\/www.sohocapital.fr\/en\/wp-json\/wp\/v2\/media\/1773"}],"wp:attachment":[{"href":"https:\/\/www.sohocapital.fr\/en\/wp-json\/wp\/v2\/media?parent=1771"}],"curies":[{"name":"wp","href":"https:\/\/api.w.org\/{rel}","templated":true}]}}