{"id":162,"date":"2022-06-24T16:40:43","date_gmt":"2022-06-24T14:40:43","guid":{"rendered":"http:\/\/www.sohocapital.fr\/?page_id=162"},"modified":"2026-02-09T09:04:12","modified_gmt":"2026-02-09T08:04:12","slug":"prothesis","status":"publish","type":"page","link":"https:\/\/www.sohocapital.fr\/en\/prothesis\/","title":{"rendered":"PROTHESIS DENTAL SOLUTIONS"},"content":{"rendered":"<div data-elementor-type=\"wp-page\" data-elementor-id=\"162\" class=\"elementor elementor-162\">\n\t\t\t\t\t\t<section class=\"elementor-section elementor-top-section elementor-element elementor-element-b9c0684 fiche_pays elementor-section-boxed elementor-section-height-default elementor-section-height-default\" data-id=\"b9c0684\" data-element_type=\"section\" data-e-type=\"section\" data-settings=\"{&quot;background_background&quot;:&quot;classic&quot;}\">\n\t\t\t\t\t\t\t<div class=\"elementor-background-overlay\"><\/div>\n\t\t\t\t\t\t\t<div class=\"elementor-container elementor-column-gap-default\">\n\t\t\t\t\t<div class=\"elementor-column elementor-col-100 elementor-top-column elementor-element elementor-element-a1e40da\" data-id=\"a1e40da\" data-element_type=\"column\" data-e-type=\"column\">\n\t\t\t<div class=\"elementor-widget-wrap elementor-element-populated\">\n\t\t\t\t\t\t<div class=\"elementor-element elementor-element-3ec36ae elementor-widget elementor-widget-spacer\" data-id=\"3ec36ae\" data-element_type=\"widget\" data-e-type=\"widget\" data-widget_type=\"spacer.default\">\n\t\t\t\t<div class=\"elementor-widget-container\">\n\t\t\t\t\t\t\t<div class=\"elementor-spacer\">\n\t\t\t<div class=\"elementor-spacer-inner\"><\/div>\n\t\t<\/div>\n\t\t\t\t\t\t<\/div>\n\t\t\t\t<\/div>\n\t\t\t\t<div class=\"elementor-element elementor-element-e9d4741 informations_geographiques elementor-widget__width-initial elementor-widget elementor-widget-text-editor\" data-id=\"e9d4741\" data-element_type=\"widget\" data-e-type=\"widget\" data-widget_type=\"text-editor.default\">\n\t\t\t\t<div class=\"elementor-widget-container\">\n\t\t\t\t\t\t\t\t\t<p><strong><img decoding=\"async\" class=\"aligncenter\" src=\"https:\/\/www.sohocapital.fr\/wp-content\/uploads\/2023\/05\/2.png\" alt=\"French flag Prothesis Dental Solutions SOHO CAPITAL\" width=\"50\" height=\"50\" \/><\/strong><\/p><p><strong>Population: 67.081 million inhabitants<br \/><\/strong><strong>Gross Domestic Product (GDP): 2.6 trillion euros<\/strong><br \/><strong>3,500 dental laboratories<br \/>and 47,000 dentists<\/strong><\/p>\t\t\t\t\t\t\t\t<\/div>\n\t\t\t\t<\/div>\n\t\t\t\t<div class=\"elementor-element elementor-element-666e09e elementor-widget elementor-widget-spacer\" data-id=\"666e09e\" data-element_type=\"widget\" data-e-type=\"widget\" data-widget_type=\"spacer.default\">\n\t\t\t\t<div class=\"elementor-widget-container\">\n\t\t\t\t\t\t\t<div class=\"elementor-spacer\">\n\t\t\t<div class=\"elementor-spacer-inner\"><\/div>\n\t\t<\/div>\n\t\t\t\t\t\t<\/div>\n\t\t\t\t<\/div>\n\t\t\t\t<div class=\"elementor-element elementor-element-f53851f logo-societe elementor-widget elementor-widget-image\" data-id=\"f53851f\" data-element_type=\"widget\" data-e-type=\"widget\" data-widget_type=\"image.default\">\n\t\t\t\t<div class=\"elementor-widget-container\">\n\t\t\t\t\t\t\t\t\t\t\t\t\t\t\t<img decoding=\"async\" width=\"331\" height=\"84\" src=\"https:\/\/www.sohocapital.fr\/wp-content\/uploads\/2023\/06\/logoPDS_VECTOR.svg\" class=\"attachment-full size-full wp-image-1217\" alt=\"Prothesis Dental Solutions from SOHO CAPITAL\" \/>\t\t\t\t\t\t\t\t\t\t\t\t\t\t\t<\/div>\n\t\t\t\t<\/div>\n\t\t\t\t<div class=\"elementor-element elementor-element-1cbc810 elementor-widget elementor-widget-spacer\" data-id=\"1cbc810\" data-element_type=\"widget\" data-e-type=\"widget\" data-widget_type=\"spacer.default\">\n\t\t\t\t<div class=\"elementor-widget-container\">\n\t\t\t\t\t\t\t<div class=\"elementor-spacer\">\n\t\t\t<div class=\"elementor-spacer-inner\"><\/div>\n\t\t<\/div>\n\t\t\t\t\t\t<\/div>\n\t\t\t\t<\/div>\n\t\t\t\t<section class=\"elementor-section elementor-inner-section elementor-element elementor-element-1dafedf elementor-section-boxed elementor-section-height-default elementor-section-height-default\" data-id=\"1dafedf\" data-element_type=\"section\" data-e-type=\"section\">\n\t\t\t\t\t\t<div class=\"elementor-container elementor-column-gap-default\">\n\t\t\t\t\t<div class=\"elementor-column elementor-col-50 elementor-inner-column elementor-element elementor-element-6ca469b\" data-id=\"6ca469b\" data-element_type=\"column\" data-e-type=\"column\" data-settings=\"{&quot;background_background&quot;:&quot;classic&quot;}\">\n\t\t\t<div class=\"elementor-widget-wrap elementor-element-populated\">\n\t\t\t\t\t\t<div class=\"elementor-element elementor-element-0939f2a round elementor-invisible elementor-widget elementor-widget-image\" data-id=\"0939f2a\" data-element_type=\"widget\" data-e-type=\"widget\" data-settings=\"{&quot;_animation&quot;:&quot;fadeInUp&quot;}\" data-widget_type=\"image.default\">\n\t\t\t\t<div class=\"elementor-widget-container\">\n\t\t\t\t\t\t\t\t\t\t\t\t\t\t\t<img decoding=\"async\" src=\"https:\/\/www.sohocapital.fr\/wp-content\/uploads\/elementor\/thumbs\/2FAA4C42-q6z4erepingi0wtpjosqpd5tz2ppngy0y5nn0krhk0.png\" title=\"Prothesis Dental Solutions from SOHO CAPITAL\" alt=\"Prothesis Dental Solutions software laptop smartphone\" loading=\"lazy\" \/>\t\t\t\t\t\t\t\t\t\t\t\t\t\t\t<\/div>\n\t\t\t\t<\/div>\n\t\t\t\t\t<\/div>\n\t\t<\/div>\n\t\t\t\t<div class=\"elementor-column elementor-col-50 elementor-inner-column elementor-element elementor-element-e4ca9b2\" data-id=\"e4ca9b2\" data-element_type=\"column\" data-e-type=\"column\">\n\t\t\t<div class=\"elementor-widget-wrap elementor-element-populated\">\n\t\t\t\t\t\t<div class=\"elementor-element elementor-element-957463b resume-texte elementor-invisible elementor-widget elementor-widget-text-editor\" data-id=\"957463b\" data-element_type=\"widget\" data-e-type=\"widget\" data-settings=\"{&quot;_animation&quot;:&quot;fadeInUp&quot;}\" data-widget_type=\"text-editor.default\">\n\t\t\t\t<div class=\"elementor-widget-container\">\n\t\t\t\t\t\t\t\t\t<p>Prothesis Dental Solutions specialises in management systems dedicated to dental prosthetic laboratories and has gained extensive experience in excess of 30 years. This advantage has enabled them to equip 90% of the dental laboratories in the French market. The company designs, develops and markets software platforms and specific web services for laboratories.<\/p><p>Based in Montpellier, Occitanie, Prothesis Dental Solutions provides solutions that are tailored to laboratories of all sizes and meet their performance needs and requirements. With a strong focus on research and development, Prothesis Dental Solutions has developed the first cloud-based software for dental laboratories called PROTHESIS CLOUD, which is geared towards the future of digital solutions.<\/p><p>The profession of dental prosthetist is transitioning from traditional craftsmanship to embracing digital technologies. Digitization has become the major challenge for dental laboratories and Prothesis is facilitating this change.<\/p>\t\t\t\t\t\t\t\t<\/div>\n\t\t\t\t<\/div>\n\t\t\t\t\t<\/div>\n\t\t<\/div>\n\t\t\t\t\t<\/div>\n\t\t<\/section>\n\t\t\t\t<div class=\"elementor-element elementor-element-e80fb8d elementor-widget elementor-widget-spacer\" data-id=\"e80fb8d\" data-element_type=\"widget\" data-e-type=\"widget\" data-widget_type=\"spacer.default\">\n\t\t\t\t<div class=\"elementor-widget-container\">\n\t\t\t\t\t\t\t<div class=\"elementor-spacer\">\n\t\t\t<div class=\"elementor-spacer-inner\"><\/div>\n\t\t<\/div>\n\t\t\t\t\t\t<\/div>\n\t\t\t\t<\/div>\n\t\t\t\t<div class=\"elementor-element elementor-element-f8b63f1 elementor-align-center elementor-widget elementor-widget-button\" data-id=\"f8b63f1\" data-element_type=\"widget\" data-e-type=\"widget\" data-widget_type=\"button.default\">\n\t\t\t\t<div class=\"elementor-widget-container\">\n\t\t\t\t\t\t\t\t\t<div class=\"elementor-button-wrapper\">\n\t\t\t\t\t<a class=\"elementor-button elementor-button-link elementor-size-sm\" href=\"https:\/\/prothesis.cloud\/\">\n\t\t\t\t\t\t<span class=\"elementor-button-content-wrapper\">\n\t\t\t\t\t\t\t\t\t<span class=\"elementor-button-text\">Learn more<\/span>\n\t\t\t\t\t<\/span>\n\t\t\t\t\t<\/a>\n\t\t\t\t<\/div>\n\t\t\t\t\t\t\t\t<\/div>\n\t\t\t\t<\/div>\n\t\t\t\t<div class=\"elementor-element elementor-element-f371a1e elementor-widget elementor-widget-spacer\" data-id=\"f371a1e\" data-element_type=\"widget\" data-e-type=\"widget\" data-widget_type=\"spacer.default\">\n\t\t\t\t<div class=\"elementor-widget-container\">\n\t\t\t\t\t\t\t<div class=\"elementor-spacer\">\n\t\t\t<div class=\"elementor-spacer-inner\"><\/div>\n\t\t<\/div>\n\t\t\t\t\t\t<\/div>\n\t\t\t\t<\/div>\n\t\t\t\t<div class=\"elementor-element elementor-element-fe1ec5c elementor-invisible elementor-widget elementor-widget-image\" data-id=\"fe1ec5c\" data-element_type=\"widget\" data-e-type=\"widget\" data-settings=\"{&quot;_animation&quot;:&quot;fadeInUp&quot;}\" data-widget_type=\"image.default\">\n\t\t\t\t<div class=\"elementor-widget-container\">\n\t\t\t\t\t\t\t\t\t\t\t\t\t\t\t<img decoding=\"async\" src=\"http:\/\/https:\/\/www.prothesis.fr\/wp-content\/uploads\/2019\/04\/about.jpg\" title=\"\" alt=\"\" loading=\"lazy\" \/>\t\t\t\t\t\t\t\t\t\t\t\t\t\t\t<\/div>\n\t\t\t\t<\/div>\n\t\t\t\t<div class=\"elementor-element elementor-element-eb99679 elementor-invisible elementor-widget elementor-widget-image\" data-id=\"eb99679\" data-element_type=\"widget\" data-e-type=\"widget\" data-settings=\"{&quot;_animation&quot;:&quot;fadeInUp&quot;}\" data-widget_type=\"image.default\">\n\t\t\t\t<div class=\"elementor-widget-container\">\n\t\t\t\t\t\t\t\t\t\t\t\t\t\t\t<img decoding=\"async\" src=\"https:\/\/www.sohocapital.fr\/wp-content\/uploads\/elementor\/thumbs\/shutterstock_19754167103-q9xepxs7wysic1i55pfrfdzuasx47kzuej8owic4g8.jpg\" title=\"Prothesis Dental Solutions from SOHO CAPITAL\" alt=\"Zirconium Prothesis Dental Solutions from SOHO CAPITAL\" loading=\"lazy\" \/>\t\t\t\t\t\t\t\t\t\t\t\t\t\t\t<\/div>\n\t\t\t\t<\/div>\n\t\t\t\t\t<\/div>\n\t\t<\/div>\n\t\t\t\t\t<\/div>\n\t\t<\/section>\n\t\t\t\t<\/div>","protected":false},"excerpt":{"rendered":"<p>Population : 67 081 millions d&rsquo;habitantsPIB (produit int\u00e9rieur brut) 2 642 713 milliards d&rsquo;euros3 500 laboratoires dentaireset 47 000 chirurgiens-dentistes Sp\u00e9cialiste des syt\u00e8mes d&rsquo;information d\u00e9di\u00e9s aux laboratoires de proth\u00e8ses dentaires, Prothesis Dental Solutions b\u00e9n\u00e9ficie d&rsquo;une forte exp\u00e9rience depuis plus de 30 ans. Ce qui lui vaut l&rsquo;avantage d&rsquo;\u00e9quiper 90% d&rsquo;entre eux sur le march\u00e9 fran\u00e7ais. [&hellip;]<\/p>\n","protected":false},"author":3,"featured_media":1217,"parent":0,"menu_order":0,"comment_status":"closed","ping_status":"closed","template":"","meta":{"footnotes":""},"class_list":["post-162","page","type-page","status-publish","has-post-thumbnail","hentry"],"yoast_head":"<!-- This site is optimized with the Yoast SEO plugin v27.4 - https:\/\/yoast.com\/product\/yoast-seo-wordpress\/ -->\n<title>PROTHESIS DENTAL SOLUTIONS - SOHO CAPITAL<\/title>\n<meta name=\"description\" content=\"Sp\u00e9cialiste des syt\u00e8mes d\u2019information d\u00e9di\u00e9s aux laboratoires de proth\u00e8ses dentaires, Prothesis Dental Solutions b\u00e9n\u00e9ficie d\u2019une forte exp\u00e9rience depuis plus de 30 ans.\" \/>\n<meta name=\"robots\" content=\"index, follow, max-snippet:-1, max-image-preview:large, max-video-preview:-1\" \/>\n<link rel=\"canonical\" href=\"https:\/\/www.sohocapital.fr\/en\/prothesis\/\" \/>\n<meta property=\"og:locale\" content=\"en_GB\" \/>\n<meta property=\"og:type\" content=\"article\" \/>\n<meta property=\"og:title\" content=\"PROTHESIS DENTAL SOLUTIONS - SOHO CAPITAL\" \/>\n<meta property=\"og:description\" content=\"Sp\u00e9cialiste des syt\u00e8mes d\u2019information d\u00e9di\u00e9s aux laboratoires de proth\u00e8ses dentaires, Prothesis Dental Solutions b\u00e9n\u00e9ficie d\u2019une forte exp\u00e9rience depuis plus de 30 ans.\" \/>\n<meta property=\"og:url\" content=\"https:\/\/www.sohocapital.fr\/en\/prothesis\/\" \/>\n<meta property=\"og:site_name\" content=\"SOHO CAPITAL\" \/>\n<meta property=\"article:modified_time\" content=\"2026-02-09T08:04:12+00:00\" \/>\n<meta name=\"twitter:card\" content=\"summary_large_image\" \/>\n<meta name=\"twitter:label1\" content=\"Estimated reading time\" \/>\n\t<meta name=\"twitter:data1\" content=\"2 minutes\" \/>\n<script type=\"application\/ld+json\" class=\"yoast-schema-graph\">{\"@context\":\"https:\\\/\\\/schema.org\",\"@graph\":[{\"@type\":\"WebPage\",\"@id\":\"https:\\\/\\\/www.sohocapital.fr\\\/prothesis\\\/\",\"url\":\"https:\\\/\\\/www.sohocapital.fr\\\/prothesis\\\/\",\"name\":\"PROTHESIS DENTAL SOLUTIONS - SOHO CAPITAL\",\"isPartOf\":{\"@id\":\"https:\\\/\\\/www.sohocapital.fr\\\/#website\"},\"primaryImageOfPage\":{\"@id\":\"https:\\\/\\\/www.sohocapital.fr\\\/prothesis\\\/#primaryimage\"},\"image\":{\"@id\":\"https:\\\/\\\/www.sohocapital.fr\\\/prothesis\\\/#primaryimage\"},\"thumbnailUrl\":\"https:\\\/\\\/www.sohocapital.fr\\\/wp-content\\\/uploads\\\/2023\\\/06\\\/logoPDS_VECTOR.svg\",\"datePublished\":\"2022-06-24T14:40:43+00:00\",\"dateModified\":\"2026-02-09T08:04:12+00:00\",\"description\":\"Sp\u00e9cialiste des syt\u00e8mes d\u2019information d\u00e9di\u00e9s aux laboratoires de proth\u00e8ses dentaires, Prothesis Dental Solutions b\u00e9n\u00e9ficie d\u2019une forte exp\u00e9rience depuis plus de 30 ans.\",\"breadcrumb\":{\"@id\":\"https:\\\/\\\/www.sohocapital.fr\\\/prothesis\\\/#breadcrumb\"},\"inLanguage\":\"en-GB\",\"potentialAction\":[{\"@type\":\"ReadAction\",\"target\":[\"https:\\\/\\\/www.sohocapital.fr\\\/prothesis\\\/\"]}]},{\"@type\":\"ImageObject\",\"inLanguage\":\"en-GB\",\"@id\":\"https:\\\/\\\/www.sohocapital.fr\\\/prothesis\\\/#primaryimage\",\"url\":\"https:\\\/\\\/www.sohocapital.fr\\\/wp-content\\\/uploads\\\/2023\\\/06\\\/logoPDS_VECTOR.svg\",\"contentUrl\":\"https:\\\/\\\/www.sohocapital.fr\\\/wp-content\\\/uploads\\\/2023\\\/06\\\/logoPDS_VECTOR.svg\",\"width\":331,\"height\":84,\"caption\":\"Prothesis Dental Solutions from SOHO CAPITAL\"},{\"@type\":\"BreadcrumbList\",\"@id\":\"https:\\\/\\\/www.sohocapital.fr\\\/prothesis\\\/#breadcrumb\",\"itemListElement\":[{\"@type\":\"ListItem\",\"position\":1,\"name\":\"Accueil\",\"item\":\"https:\\\/\\\/www.sohocapital.fr\\\/\"},{\"@type\":\"ListItem\",\"position\":2,\"name\":\"PROTHESIS DENTAL SOLUTIONS\"}]},{\"@type\":\"WebSite\",\"@id\":\"https:\\\/\\\/www.sohocapital.fr\\\/#website\",\"url\":\"https:\\\/\\\/www.sohocapital.fr\\\/\",\"name\":\"SOHO CAPITAL\",\"description\":\"Groupe investissement entreprises dentaires num\u00e9riques logiciels software\",\"publisher\":{\"@id\":\"https:\\\/\\\/www.sohocapital.fr\\\/#organization\"},\"potentialAction\":[{\"@type\":\"SearchAction\",\"target\":{\"@type\":\"EntryPoint\",\"urlTemplate\":\"https:\\\/\\\/www.sohocapital.fr\\\/?s={search_term_string}\"},\"query-input\":{\"@type\":\"PropertyValueSpecification\",\"valueRequired\":true,\"valueName\":\"search_term_string\"}}],\"inLanguage\":\"en-GB\"},{\"@type\":\"Organization\",\"@id\":\"https:\\\/\\\/www.sohocapital.fr\\\/#organization\",\"name\":\"SOHO CAPITAL\",\"url\":\"https:\\\/\\\/www.sohocapital.fr\\\/\",\"logo\":{\"@type\":\"ImageObject\",\"inLanguage\":\"en-GB\",\"@id\":\"https:\\\/\\\/www.sohocapital.fr\\\/#\\\/schema\\\/logo\\\/image\\\/\",\"url\":\"https:\\\/\\\/www.sohocapital.fr\\\/wp-content\\\/uploads\\\/2022\\\/06\\\/logoSC.svg\",\"contentUrl\":\"https:\\\/\\\/www.sohocapital.fr\\\/wp-content\\\/uploads\\\/2022\\\/06\\\/logoSC.svg\",\"width\":717,\"height\":197,\"caption\":\"SOHO CAPITAL\"},\"image\":{\"@id\":\"https:\\\/\\\/www.sohocapital.fr\\\/#\\\/schema\\\/logo\\\/image\\\/\"}}]}<\/script>\n<!-- \/ Yoast SEO plugin. -->","yoast_head_json":{"title":"PROTHESIS DENTAL SOLUTIONS - SOHO CAPITAL","description":"Sp\u00e9cialiste des syt\u00e8mes d\u2019information d\u00e9di\u00e9s aux laboratoires de proth\u00e8ses dentaires, Prothesis Dental Solutions b\u00e9n\u00e9ficie d\u2019une forte exp\u00e9rience depuis plus de 30 ans.","robots":{"index":"index","follow":"follow","max-snippet":"max-snippet:-1","max-image-preview":"max-image-preview:large","max-video-preview":"max-video-preview:-1"},"canonical":"https:\/\/www.sohocapital.fr\/en\/prothesis\/","og_locale":"en_GB","og_type":"article","og_title":"PROTHESIS DENTAL SOLUTIONS - SOHO CAPITAL","og_description":"Sp\u00e9cialiste des syt\u00e8mes d\u2019information d\u00e9di\u00e9s aux laboratoires de proth\u00e8ses dentaires, Prothesis Dental Solutions b\u00e9n\u00e9ficie d\u2019une forte exp\u00e9rience depuis plus de 30 ans.","og_url":"https:\/\/www.sohocapital.fr\/en\/prothesis\/","og_site_name":"SOHO CAPITAL","article_modified_time":"2026-02-09T08:04:12+00:00","twitter_card":"summary_large_image","twitter_misc":{"Estimated reading time":"2 minutes"},"schema":{"@context":"https:\/\/schema.org","@graph":[{"@type":"WebPage","@id":"https:\/\/www.sohocapital.fr\/prothesis\/","url":"https:\/\/www.sohocapital.fr\/prothesis\/","name":"PROTHESIS DENTAL SOLUTIONS - SOHO CAPITAL","isPartOf":{"@id":"https:\/\/www.sohocapital.fr\/#website"},"primaryImageOfPage":{"@id":"https:\/\/www.sohocapital.fr\/prothesis\/#primaryimage"},"image":{"@id":"https:\/\/www.sohocapital.fr\/prothesis\/#primaryimage"},"thumbnailUrl":"https:\/\/www.sohocapital.fr\/wp-content\/uploads\/2023\/06\/logoPDS_VECTOR.svg","datePublished":"2022-06-24T14:40:43+00:00","dateModified":"2026-02-09T08:04:12+00:00","description":"Sp\u00e9cialiste des syt\u00e8mes d\u2019information d\u00e9di\u00e9s aux laboratoires de proth\u00e8ses dentaires, Prothesis Dental Solutions b\u00e9n\u00e9ficie d\u2019une forte exp\u00e9rience depuis plus de 30 ans.","breadcrumb":{"@id":"https:\/\/www.sohocapital.fr\/prothesis\/#breadcrumb"},"inLanguage":"en-GB","potentialAction":[{"@type":"ReadAction","target":["https:\/\/www.sohocapital.fr\/prothesis\/"]}]},{"@type":"ImageObject","inLanguage":"en-GB","@id":"https:\/\/www.sohocapital.fr\/prothesis\/#primaryimage","url":"https:\/\/www.sohocapital.fr\/wp-content\/uploads\/2023\/06\/logoPDS_VECTOR.svg","contentUrl":"https:\/\/www.sohocapital.fr\/wp-content\/uploads\/2023\/06\/logoPDS_VECTOR.svg","width":331,"height":84,"caption":"Prothesis Dental Solutions from SOHO CAPITAL"},{"@type":"BreadcrumbList","@id":"https:\/\/www.sohocapital.fr\/prothesis\/#breadcrumb","itemListElement":[{"@type":"ListItem","position":1,"name":"Accueil","item":"https:\/\/www.sohocapital.fr\/"},{"@type":"ListItem","position":2,"name":"PROTHESIS DENTAL SOLUTIONS"}]},{"@type":"WebSite","@id":"https:\/\/www.sohocapital.fr\/#website","url":"https:\/\/www.sohocapital.fr\/","name":"SOHO CAPITAL","description":"Groupe investissement entreprises dentaires num\u00e9riques logiciels software","publisher":{"@id":"https:\/\/www.sohocapital.fr\/#organization"},"potentialAction":[{"@type":"SearchAction","target":{"@type":"EntryPoint","urlTemplate":"https:\/\/www.sohocapital.fr\/?s={search_term_string}"},"query-input":{"@type":"PropertyValueSpecification","valueRequired":true,"valueName":"search_term_string"}}],"inLanguage":"en-GB"},{"@type":"Organization","@id":"https:\/\/www.sohocapital.fr\/#organization","name":"SOHO CAPITAL","url":"https:\/\/www.sohocapital.fr\/","logo":{"@type":"ImageObject","inLanguage":"en-GB","@id":"https:\/\/www.sohocapital.fr\/#\/schema\/logo\/image\/","url":"https:\/\/www.sohocapital.fr\/wp-content\/uploads\/2022\/06\/logoSC.svg","contentUrl":"https:\/\/www.sohocapital.fr\/wp-content\/uploads\/2022\/06\/logoSC.svg","width":717,"height":197,"caption":"SOHO CAPITAL"},"image":{"@id":"https:\/\/www.sohocapital.fr\/#\/schema\/logo\/image\/"}}]}},"_links":{"self":[{"href":"https:\/\/www.sohocapital.fr\/en\/wp-json\/wp\/v2\/pages\/162","targetHints":{"allow":["GET"]}}],"collection":[{"href":"https:\/\/www.sohocapital.fr\/en\/wp-json\/wp\/v2\/pages"}],"about":[{"href":"https:\/\/www.sohocapital.fr\/en\/wp-json\/wp\/v2\/types\/page"}],"author":[{"embeddable":true,"href":"https:\/\/www.sohocapital.fr\/en\/wp-json\/wp\/v2\/users\/3"}],"replies":[{"embeddable":true,"href":"https:\/\/www.sohocapital.fr\/en\/wp-json\/wp\/v2\/comments?post=162"}],"version-history":[{"count":135,"href":"https:\/\/www.sohocapital.fr\/en\/wp-json\/wp\/v2\/pages\/162\/revisions"}],"predecessor-version":[{"id":1852,"href":"https:\/\/www.sohocapital.fr\/en\/wp-json\/wp\/v2\/pages\/162\/revisions\/1852"}],"wp:featuredmedia":[{"embeddable":true,"href":"https:\/\/www.sohocapital.fr\/en\/wp-json\/wp\/v2\/media\/1217"}],"wp:attachment":[{"href":"https:\/\/www.sohocapital.fr\/en\/wp-json\/wp\/v2\/media?parent=162"}],"curies":[{"name":"wp","href":"https:\/\/api.w.org\/{rel}","templated":true}]}}